{"id":921,"date":"2022-08-03T05:03:40","date_gmt":"2022-08-03T05:03:40","guid":{"rendered":"https:\/\/mnssimulacion.cl\/?page_id=921"},"modified":"2024-07-22T16:50:57","modified_gmt":"2024-07-22T16:50:57","slug":"estructura-organizacional","status":"publish","type":"page","link":"https:\/\/mnssimulacion.cl\/en\/estructura-organizacional\/","title":{"rendered":"Organizational structure"},"content":{"rendered":"<!--themify_builder_content-->\n<div id=\"themify_builder_content-921\" data-postid=\"921\" class=\"themify_builder_content themify_builder_content-921 themify_builder tf_clear\">\n    \t<!-- module_row -->\n\t<div  data-lazy=\"1\" class=\"module_row themify_builder_row repeat tb_vy31787 tb_first tf_clearfix\" >\n\t    \t\t<div class=\"row_inner col_align_top col-count-1 tf_box tf_w tf_rel\">\n\t\t\t<div  data-lazy=\"1\" class=\"module_column tb-column col-full first tb_bavb788 tf_box\">\n\t\t\t    \t        <div class=\"tb-column-inner tf_box tf_w\">\n\t\t    <!-- module fancy heading -->\n<div  class=\"module module-fancy-heading tb_hfk5550  inline-fancy-heading\" data-lazy=\"1\">\n        <h1 class=\"fancy-heading tf_textl\">\n    <span class=\"main-head tf_inline_b\">\n\t\t\t\t\t\t\t    <\/span>\n\n\t\t\t<span class=\"tb_fancy_heading_icon_wrap tf_inline_b\">\n\t\t\t<span class=\"tb_fancy_heading_border\"><\/span>\t\t\t<span class=\"tb_fancy_heading_icon\">\n\t\t\t\t\t\t\t\t\t<em style=\"color: #0073a6\"><svg  aria-hidden=\"true\" class=\"tf_fa tf-la-cubes-solid\"><use href=\"#tf-la-cubes-solid\"><\/use><\/svg><\/em>\n\t\t\t\t\t\t\t<\/span>\n\t\t\t<span class=\"tb_fancy_heading_border\"><\/span>\t\t<\/span>\n\t\n    <span class=\"sub-head tf_inline_b tf_rel\">\n\t\t\t\t\tOrganizational structure\t\t    <\/span>\n    <\/h1>\n<\/div>\n<!-- \/module fancy heading -->\n<!-- module text -->\n<div  class=\"module module-text tb_hjz3788  repeat\" data-lazy=\"1\">\n        <div  class=\"tb_text_wrap\">\n    <p>The MNS consists of three specialized units for the execution of the various activities planned annually and jointly with its member institutions.<\/p>    <\/div>\n<\/div>\n<!-- \/module text -->\t<div  data-lazy=\"1\" class=\"module_subrow themify_builder_sub_row tb_6zsh789 tf_w tf_clearfix\">\n\t    \t\t<div class=\"subrow_inner col_align_top col-count-2 tf_box tf_w\">\n\t\t\t<div  data-lazy=\"1\" class=\"sub_column module_column tf_box col4-2 first tb_o24y790\"> \n\t    \t    \t        <div class=\"tb-column-inner tf_box tf_w\">\n\t\t    <!-- module fancy heading -->\n<div  class=\"module module-fancy-heading tb_2iyc652  inline-fancy-heading\" data-lazy=\"1\">\n        <h2 class=\"fancy-heading\">\n    <span class=\"main-head tf_inline_b\">\n\t\t\t\t\t\t\t    <\/span>\n\n\t\t\t<span class=\"tb_fancy_heading_icon_wrap tf_inline_b\">\n\t\t\t<span class=\"tb_fancy_heading_border\"><\/span>\t\t\t<span class=\"tb_fancy_heading_icon\">\n\t\t\t\t\t\t\t\t\t<em style=\"color: #0073a6\"><svg  aria-hidden=\"true\" class=\"tf_fa tf-fas-database\"><use href=\"#tf-fas-database\"><\/use><\/svg><\/em>\n\t\t\t\t\t\t\t<\/span>\n\t\t\t<span class=\"tb_fancy_heading_border\"><\/span>\t\t<\/span>\n\t\n    <span class=\"sub-head tf_inline_b tf_rel\">\n\t\t\t\t\tDatabase Maintenance and Management\t\t    <\/span>\n    <\/h2>\n<\/div>\n<!-- \/module fancy heading -->\n<!-- module text -->\n<div  class=\"module module-text tb_vp5t226\" data-lazy=\"1\">\n        <div  class=\"tb_text_wrap\">\n    <p>This unit coordinates and supervises the maintenance and measurement of the trials and permanent plots of the participating institutions, which provide information for developing simulation models. This unit participates in the training of field crews for the measurement of permanent plots. The data are captured electronically and stored in the MNS-Data Bank.<\/p>    <\/div>\n<\/div>\n<!-- \/module text --><!-- module fancy heading -->\n<div  class=\"module module-fancy-heading tb_wwf3806  inline-fancy-heading\" data-lazy=\"1\">\n        <h2 class=\"fancy-heading\">\n    <span class=\"main-head tf_inline_b\">\n\t\t\t\t\t\t\t    <\/span>\n\n\t\t\t<span class=\"tb_fancy_heading_icon_wrap tf_inline_b\">\n\t\t\t<span class=\"tb_fancy_heading_border\"><\/span>\t\t\t<span class=\"tb_fancy_heading_icon\">\n\t\t\t\t\t\t\t\t\t<em style=\"color: #0073a6\"><svg  aria-hidden=\"true\" class=\"tf_fa tf-fas-chart-bar\"><use href=\"#tf-fas-chart-bar\"><\/use><\/svg><\/em>\n\t\t\t\t\t\t\t<\/span>\n\t\t\t<span class=\"tb_fancy_heading_border\"><\/span>\t\t<\/span>\n\t\n    <span class=\"sub-head tf_inline_b tf_rel\">\n\t\t\t\t\tForest Biometrics\t\t    <\/span>\n    <\/h2>\n<\/div>\n<!-- \/module fancy heading -->\n<!-- module text -->\n<div  class=\"module module-text tb_rlva754\" data-lazy=\"1\">\n        <div  class=\"tb_text_wrap\">\n    <p>This unit is responsible for developing new models and validating existing simulation models for operational use. They also evaluate new measurement techniques. Additionally, this unit continuously develops statistical models with the support of national and international consultants.<\/p>    <\/div>\n<\/div>\n<!-- \/module text --><!-- module fancy heading -->\n<div  class=\"module module-fancy-heading tb_7u3k362  inline-fancy-heading\" data-lazy=\"1\">\n        <h2 class=\"fancy-heading\">\n    <span class=\"main-head tf_inline_b\">\n\t\t\t\t\t\t\t    <\/span>\n\n\t\t\t<span class=\"tb_fancy_heading_icon_wrap tf_inline_b\">\n\t\t\t<span class=\"tb_fancy_heading_border\"><\/span>\t\t\t<span class=\"tb_fancy_heading_icon\">\n\t\t\t\t\t\t\t\t\t<em style=\"color: #0073a6\"><svg  aria-hidden=\"true\" class=\"tf_fa tf-fas-laptop\"><use href=\"#tf-fas-laptop\"><\/use><\/svg><\/em>\n\t\t\t\t\t\t\t<\/span>\n\t\t\t<span class=\"tb_fancy_heading_border\"><\/span>\t\t<\/span>\n\t\n    <span class=\"sub-head tf_inline_b tf_rel\">\n\t\t\t\t\tComputational Systems\t\t    <\/span>\n    <\/h2>\n<\/div>\n<!-- \/module fancy heading -->\n<!-- module text -->\n<div  class=\"module module-text tb_6o5y820\" data-lazy=\"1\">\n        <div  class=\"tb_text_wrap\">\n    <p>This unit is responsible for the programming, improvement, and maintenance of computer systems developed by MNS. They advise associated institutions on incorporating these simulation models into their corporate systems.<\/p>    <\/div>\n<\/div>\n<!-- \/module text -->\t        <\/div>\n\t    \t<\/div>\n\t\t<div  data-lazy=\"1\" class=\"sub_column module_column tf_box col4-2 last tb_ee2s790 fullcover\" > \n\t    \t    \t        <div class=\"tb-column-inner tf_box tf_w\">\n\t\t    <!-- module image -->\n<div  class=\"module module-image tb_vk8t53   image-top tf_mw\" data-lazy=\"1\">\n        <div class=\"image-wrap tf_rel tf_mw\">\n\t\t    <img loading=\"lazy\" width=\"620\" height=\"654\" src=\"https:\/\/mnssimulacion.cl\/wp-content\/uploads\/2022\/08\/2018Agosto_Comite.jpg\" class=\"wp-post-image wp-image-801\" title=\"2018Agosto_Comite\" alt=\"2018Agosto_Comite\">\t\n\t\t<\/div>\n\t<!-- \/image-wrap -->\n    \n    \t<\/div>\n<!-- \/module image -->\t        <\/div>\n\t    \t<\/div>\n\t\t    <\/div>\n\t<\/div><!-- \/themify_builder_sub_row -->\n\t\t        <\/div>\n\t    \t<\/div>\n\t\t    <\/div>\n\t    <!-- \/row_inner -->\n\t<\/div>\n\t<!-- \/module_row -->\n\t<\/div>\n<!--\/themify_builder_content-->","protected":false},"excerpt":{"rendered":"<p>Estructura Organizacional El MNS est\u00e1 conformado por tres unidades especializadas para la ejecuci\u00f3n de las diversas actividades planificadas anualmente y conjuntamente con las instituciones miembros. Mantenci\u00f3n y Administraci\u00f3n de Datos Encargada de coordinar y supervisar la mantenci\u00f3n y medici\u00f3n de ensayos y parcelas permanentes de las instituciones participantes las cuales proveen de informaci\u00f3n para el [&hellip;]<\/p>","protected":false},"author":1,"featured_media":0,"parent":0,"menu_order":0,"comment_status":"closed","ping_status":"closed","template":"","meta":[],"builder_content":"<h1><br\/>Estructura Organizacional<\/h1>\n<p>El MNS est\u00e1 conformado por tres unidades especializadas para la ejecuci\u00f3n de las diversas actividades planificadas anualmente y conjuntamente con las instituciones miembros.<\/p>\n<h2><br\/>Mantenci\u00f3n y Administraci\u00f3n de Datos<\/h2>\n<p>Encargada de coordinar y supervisar la mantenci\u00f3n y medici\u00f3n de ensayos y parcelas permanentes de las instituciones participantes las cuales proveen de informaci\u00f3n para el desarrollo de modelos de simulaci\u00f3n. Participa en la capacitaci\u00f3n de brigadas de terreno para la medici\u00f3n de parcelas permanentes. Los datos son capturados de forma electr\u00f3nica y se almacenan en MNS-Banco de Datos.<\/p>\n<h2><br\/>Biometr\u00eda Forestal<\/h2>\n<p>Encargada del desarrollo de nuevos modelos y validaci\u00f3n de modelos de simulaci\u00f3n existentes para su uso operacional. La evaluaci\u00f3n de nuevas t\u00e9cnicas de medici\u00f3n y de modelamiento estad\u00edstico son tambi\u00e9n desarrolladas continuamente por esta unidad contando con el apoyo de consultores nacionales e internacionales.<\/p>\n<h2><br\/>Sistemas Computacionales<\/h2>\n<p>Encargada de la programaci\u00f3n, mejoramiento y mantenci\u00f3n de los sistemas computacionales desarrollados por MNS. Presta asesoramiento continuo a las instituciones asociadas para la incorporaci\u00f3n de estos modelos de simulaci\u00f3n en sus sistemas corporativos.<\/p>\n<img loading=\"lazy\" width=\"620\" height=\"654\" src=\"https:\/\/mnssimulacion.cl\/wp-content\/uploads\/2022\/08\/2018Agosto_Comite.jpg\" title=\"2018Agosto_Comite\" alt=\"2018Agosto_Comite\">","_links":{"self":[{"href":"https:\/\/mnssimulacion.cl\/en\/wp-json\/wp\/v2\/pages\/921"}],"collection":[{"href":"https:\/\/mnssimulacion.cl\/en\/wp-json\/wp\/v2\/pages"}],"about":[{"href":"https:\/\/mnssimulacion.cl\/en\/wp-json\/wp\/v2\/types\/page"}],"author":[{"embeddable":true,"href":"https:\/\/mnssimulacion.cl\/en\/wp-json\/wp\/v2\/users\/1"}],"replies":[{"embeddable":true,"href":"https:\/\/mnssimulacion.cl\/en\/wp-json\/wp\/v2\/comments?post=921"}],"version-history":[{"count":24,"href":"https:\/\/mnssimulacion.cl\/en\/wp-json\/wp\/v2\/pages\/921\/revisions"}],"predecessor-version":[{"id":2337,"href":"https:\/\/mnssimulacion.cl\/en\/wp-json\/wp\/v2\/pages\/921\/revisions\/2337"}],"wp:attachment":[{"href":"https:\/\/mnssimulacion.cl\/en\/wp-json\/wp\/v2\/media?parent=921"}],"curies":[{"name":"wp","href":"https:\/\/api.w.org\/{rel}","templated":true}]}}