{"id":914,"date":"2022-08-03T05:02:07","date_gmt":"2022-08-03T05:02:07","guid":{"rendered":"https:\/\/mnssimulacion.cl\/?page_id=914"},"modified":"2024-07-22T16:50:57","modified_gmt":"2024-07-22T16:50:57","slug":"directorio","status":"publish","type":"page","link":"https:\/\/mnssimulacion.cl\/en\/directorio\/","title":{"rendered":"Directory"},"content":{"rendered":"<!--themify_builder_content-->\n<div id=\"themify_builder_content-914\" data-postid=\"914\" class=\"themify_builder_content themify_builder_content-914 themify_builder tf_clear\">\n    \t<!-- module_row -->\n\t<div  data-lazy=\"1\" class=\"module_row themify_builder_row repeat tb_cyph575 tb_first tf_clearfix\" >\n\t    \t\t<div class=\"row_inner col_align_top col-count-1 tf_box tf_w tf_rel\">\n\t\t\t<div  data-lazy=\"1\" class=\"module_column tb-column col-full first tb_lv6m575 tf_box\">\n\t\t\t    \t        <div class=\"tb-column-inner tf_box tf_w\">\n\t\t    \t<div  data-lazy=\"1\" class=\"module_subrow themify_builder_sub_row repeat tb_ayu6576 tf_w tf_clearfix\">\n\t    \t\t<div class=\"subrow_inner col_align_top col-count-2 tf_box tf_w\">\n\t\t\t<div  data-lazy=\"1\" class=\"sub_column module_column tf_box col4-2 first tb_hd53577\"> \n\t    \t    \t        <div class=\"tb-column-inner tf_box tf_w\">\n\t\t    <!-- module fancy heading -->\n<div  class=\"module module-fancy-heading tb_tlql426  inline-fancy-heading\" data-lazy=\"1\">\n        <h1 class=\"fancy-heading tf_textl\">\n    <span class=\"main-head tf_inline_b\">\n\t\t\t\t\t\t\t    <\/span>\n\n\t\t\t<span class=\"tb_fancy_heading_icon_wrap tf_inline_b\">\n\t\t\t<span class=\"tb_fancy_heading_border\"><\/span>\t\t\t<span class=\"tb_fancy_heading_icon\">\n\t\t\t\t\t\t\t\t\t<em style=\"color: #0073a6\"><svg  aria-hidden=\"true\" class=\"tf_fa tf-fas-users\"><use href=\"#tf-fas-users\"><\/use><\/svg><\/em>\n\t\t\t\t\t\t\t<\/span>\n\t\t\t<span class=\"tb_fancy_heading_border\"><\/span>\t\t<\/span>\n\t\n    <span class=\"sub-head tf_inline_b tf_rel\">\n\t\t\t\t\tDirectory\t\t    <\/span>\n    <\/h1>\n<\/div>\n<!-- \/module fancy heading -->\n<!-- module text -->\n<div  class=\"module module-text tb_5ge3676  repeat\" data-lazy=\"1\">\n        <div  class=\"tb_text_wrap\">\n    <p>The executive management of the MNS is headed by a director responsible for meeting the objectives and deadlines established according to an annual work plan. The MNS is administered by a Board of Directors  made up of representatives of the various participating institutions that meet every two months to assess the achievement of goals and review the financial status.<\/p>    <\/div>\n<\/div>\n<!-- \/module text --><!-- module plain text -->\n<div  class=\"module module-plain-text tb_w9o3372\" data-lazy=\"1\">\n        <div class=\"tb_text_wrap\">\n\t<a href=\"#themify-popup-772\" class=\"tf_popup transparent\">Learn more<\/a>    <\/div>\n<\/div>\n<!-- \/module plain text -->\t        <\/div>\n\t    \t<\/div>\n\t\t<div  data-lazy=\"1\" class=\"sub_column module_column tf_box col4-2 last tb_gzgj498 repeat\" > \n\t    \t    \t        <div class=\"tb-column-inner tf_box tf_w\">\n\t\t    <!-- module image -->\n<div  class=\"module module-image tb_2g4o585   image-center tf_mw\" data-lazy=\"1\">\n        <div class=\"image-wrap tf_rel tf_mw\">\n\t\t    <img loading=\"lazy\" width=\"800\" height=\"533\" src=\"https:\/\/mnssimulacion.cl\/wp-content\/uploads\/2023\/01\/Jornada_Tecnica_Valdivia_2022.jpg\" class=\"wp-post-image wp-image-1582\" title=\"Jornada_Tecnica_Valdivia_2022\" alt=\"Jornada_Tecnica_Valdivia_2022\" srcset=\"https:\/\/mnssimulacion.cl\/wp-content\/uploads\/2023\/01\/Jornada_Tecnica_Valdivia_2022.jpg 800w, https:\/\/mnssimulacion.cl\/wp-content\/uploads\/2023\/01\/Jornada_Tecnica_Valdivia_2022-300x200.jpg 300w, https:\/\/mnssimulacion.cl\/wp-content\/uploads\/2023\/01\/Jornada_Tecnica_Valdivia_2022-768x512.jpg 768w, https:\/\/mnssimulacion.cl\/wp-content\/uploads\/2023\/01\/Jornada_Tecnica_Valdivia_2022-18x12.jpg 18w\" sizes=\"(max-width: 800px) 100vw, 800px\" \/>\t\n\t\t<\/div>\n\t<!-- \/image-wrap -->\n    \n    \t<\/div>\n<!-- \/module image -->\t        <\/div>\n\t    \t<\/div>\n\t\t    <\/div>\n\t<\/div><!-- \/themify_builder_sub_row -->\n\t\t        <\/div>\n\t    \t<\/div>\n\t\t    <\/div>\n\t    <!-- \/row_inner -->\n\t<\/div>\n\t<!-- \/module_row -->\n\t\t<!-- module_row -->\n\t<div  data-lazy=\"1\" class=\"module_row themify_builder_row tb_bwde0 tf_clearfix\" >\n\t    \t\t<div class=\"row_inner col_align_top col-count-1 tf_box tf_w tf_rel\">\n\t\t\t<div  data-lazy=\"1\" class=\"module_column tb-column col-full first tb_p9bc1 tf_box\">\n\t\t\t    \t        <div class=\"tb-column-inner tf_box tf_w\">\n\t\t    \t<div  data-lazy=\"1\" class=\"module_subrow themify_builder_sub_row repeat tb_n3fs995 tf_w tf_clearfix\">\n\t    \t\t<div class=\"subrow_inner col_align_top col-count-2 tf_box tf_w\">\n\t\t\t<div  data-lazy=\"1\" class=\"sub_column module_column tf_box col4-2 first tb_3iwj996\"> \n\t    \t    \t        <div class=\"tb-column-inner tf_box tf_w\">\n\t\t    <!-- module fancy heading -->\n<div  class=\"module module-fancy-heading tb_h0ay573  inline-fancy-heading\" data-lazy=\"1\">\n        <h1 class=\"fancy-heading tf_textl\">\n    <span class=\"main-head tf_inline_b\">\n\t\t\t\t\t\t\t    <\/span>\n\n\t\t\t<span class=\"tb_fancy_heading_icon_wrap tf_inline_b\">\n\t\t\t<span class=\"tb_fancy_heading_border\"><\/span>\t\t\t<span class=\"tb_fancy_heading_icon\">\n\t\t\t\t\t\t\t\t\t<em style=\"color: #0073a6\"><svg  aria-hidden=\"true\" class=\"tf_fa tf-fas-users-cog\"><use href=\"#tf-fas-users-cog\"><\/use><\/svg><\/em>\n\t\t\t\t\t\t\t<\/span>\n\t\t\t<span class=\"tb_fancy_heading_border\"><\/span>\t\t<\/span>\n\t\n    <span class=\"sub-head tf_inline_b tf_rel\">\n\t\t\t\t\tTechnical Committee\t\t    <\/span>\n    <\/h1>\n<\/div>\n<!-- \/module fancy heading -->\n<!-- module text -->\n<div  class=\"module module-text tb_nb1l996  repeat\" data-lazy=\"1\">\n        <div  class=\"tb_text_wrap\">\n    <p>Additionally, a Technical Committee  meets monthly to review the progress of each of the lines of research established.<\/p>\n    <\/div>\n<\/div>\n<!-- \/module text --><!-- module plain text -->\n<div  class=\"module module-plain-text tb_ysoz402\" data-lazy=\"1\">\n        <div class=\"tb_text_wrap\">\n\t<a href=\"#themify-popup-775\" class=\"tf_popup transparent\">Learn more<\/a>    <\/div>\n<\/div>\n<!-- \/module plain text -->\t        <\/div>\n\t    \t<\/div>\n\t\t<div  data-lazy=\"1\" class=\"sub_column module_column tf_box col4-2 last tb_qfve997 repeat\" > \n\t    \t    \t        <div class=\"tb-column-inner tf_box tf_w\">\n\t\t    <!-- module image -->\n<div  class=\"module module-image tb_jh9b997   image-center tf_mw\" data-lazy=\"1\">\n        <div class=\"image-wrap tf_rel tf_mw\">\n\t\t    <img loading=\"lazy\" width=\"782\" height=\"468\" src=\"https:\/\/mnssimulacion.cl\/wp-content\/uploads\/2023\/01\/Jornada_Tecnica_Valdivia_2022_terreno.jpg\" class=\"wp-post-image wp-image-1584\" title=\"Jornada_Tecnica_Valdivia_2022_terreno\" alt=\"Jornada_Tecnica_Valdivia_2022_terreno\" srcset=\"https:\/\/mnssimulacion.cl\/wp-content\/uploads\/2023\/01\/Jornada_Tecnica_Valdivia_2022_terreno.jpg 782w, https:\/\/mnssimulacion.cl\/wp-content\/uploads\/2023\/01\/Jornada_Tecnica_Valdivia_2022_terreno-300x180.jpg 300w, https:\/\/mnssimulacion.cl\/wp-content\/uploads\/2023\/01\/Jornada_Tecnica_Valdivia_2022_terreno-768x460.jpg 768w, https:\/\/mnssimulacion.cl\/wp-content\/uploads\/2023\/01\/Jornada_Tecnica_Valdivia_2022_terreno-18x12.jpg 18w\" sizes=\"(max-width: 782px) 100vw, 782px\" \/>\t\n\t\t<\/div>\n\t<!-- \/image-wrap -->\n    \n    \t<\/div>\n<!-- \/module image -->\t        <\/div>\n\t    \t<\/div>\n\t\t    <\/div>\n\t<\/div><!-- \/themify_builder_sub_row -->\n\t\t        <\/div>\n\t    \t<\/div>\n\t\t    <\/div>\n\t    <!-- \/row_inner -->\n\t<\/div>\n\t<!-- \/module_row -->\n\t<\/div>\n<!--\/themify_builder_content-->","protected":false},"excerpt":{"rendered":"<p>La Direcci\u00f3n ejecutiva del MNS est\u00e1 a cargo de un Director quien es responsable del cumplimiento de los objetivos y plazos establecidos de acuerdo a un plan de trabajo establecido anualmente. El MNS es administrado por un Directorio conformado por representantes de las diversas instituciones participantes que se re\u00fanen cada dos meses para evaluar el [&hellip;]<\/p>","protected":false},"author":1,"featured_media":0,"parent":0,"menu_order":0,"comment_status":"closed","ping_status":"closed","template":"","meta":[],"builder_content":"<h1><br\/>Directorio<\/h1>\n<p>La Direcci\u00f3n ejecutiva del MNS est\u00e1 a cargo de un Director quien es responsable del cumplimiento de los objetivos y plazos establecidos de acuerdo a un plan de trabajo establecido anualmente. El MNS es administrado por un Directorio conformado por representantes de las diversas instituciones participantes que se re\u00fanen cada dos meses para evaluar el cumplimiento de metas y revisi\u00f3n del estado financiero.<\/p>\n[tf_popup style=\"transparent\" link=\"772\" border: none;]Conocer m\u00e1s[\/tf_popup]\n<img loading=\"lazy\" width=\"800\" height=\"533\" src=\"https:\/\/mnssimulacion.cl\/wp-content\/uploads\/2023\/01\/Jornada_Tecnica_Valdivia_2022.jpg\" title=\"Jornada_Tecnica_Valdivia_2022\" alt=\"Jornada_Tecnica_Valdivia_2022\" srcset=\"https:\/\/mnssimulacion.cl\/wp-content\/uploads\/2023\/01\/Jornada_Tecnica_Valdivia_2022.jpg 800w, https:\/\/mnssimulacion.cl\/wp-content\/uploads\/2023\/01\/Jornada_Tecnica_Valdivia_2022-300x200.jpg 300w, https:\/\/mnssimulacion.cl\/wp-content\/uploads\/2023\/01\/Jornada_Tecnica_Valdivia_2022-768x512.jpg 768w, https:\/\/mnssimulacion.cl\/wp-content\/uploads\/2023\/01\/Jornada_Tecnica_Valdivia_2022-18x12.jpg 18w\" sizes=\"(max-width: 800px) 100vw, 800px\" \/>\n<h1><br\/>Comit\u00e9 T\u00e9cnico<\/h1>\n<p>Adicionalmente, se tienen un Comit\u00e9 T\u00e9cnico que sesiona mensualmente para revisi\u00f3n de avances de cada una de las l\u00edneas de investigaci\u00f3n establecidas en el plan de trabajo anual.<\/p>\n[tf_popup style=\"transparent\" link=\"775\" border: none;]Conocer m\u00e1s[\/tf_popup]\n<img loading=\"lazy\" width=\"782\" height=\"468\" src=\"https:\/\/mnssimulacion.cl\/wp-content\/uploads\/2023\/01\/Jornada_Tecnica_Valdivia_2022_terreno.jpg\" title=\"Jornada_Tecnica_Valdivia_2022_terreno\" alt=\"Jornada_Tecnica_Valdivia_2022_terreno\" srcset=\"https:\/\/mnssimulacion.cl\/wp-content\/uploads\/2023\/01\/Jornada_Tecnica_Valdivia_2022_terreno.jpg 782w, https:\/\/mnssimulacion.cl\/wp-content\/uploads\/2023\/01\/Jornada_Tecnica_Valdivia_2022_terreno-300x180.jpg 300w, https:\/\/mnssimulacion.cl\/wp-content\/uploads\/2023\/01\/Jornada_Tecnica_Valdivia_2022_terreno-768x460.jpg 768w, https:\/\/mnssimulacion.cl\/wp-content\/uploads\/2023\/01\/Jornada_Tecnica_Valdivia_2022_terreno-18x12.jpg 18w\" sizes=\"(max-width: 782px) 100vw, 782px\" \/>","_links":{"self":[{"href":"https:\/\/mnssimulacion.cl\/en\/wp-json\/wp\/v2\/pages\/914"}],"collection":[{"href":"https:\/\/mnssimulacion.cl\/en\/wp-json\/wp\/v2\/pages"}],"about":[{"href":"https:\/\/mnssimulacion.cl\/en\/wp-json\/wp\/v2\/types\/page"}],"author":[{"embeddable":true,"href":"https:\/\/mnssimulacion.cl\/en\/wp-json\/wp\/v2\/users\/1"}],"replies":[{"embeddable":true,"href":"https:\/\/mnssimulacion.cl\/en\/wp-json\/wp\/v2\/comments?post=914"}],"version-history":[{"count":43,"href":"https:\/\/mnssimulacion.cl\/en\/wp-json\/wp\/v2\/pages\/914\/revisions"}],"predecessor-version":[{"id":2066,"href":"https:\/\/mnssimulacion.cl\/en\/wp-json\/wp\/v2\/pages\/914\/revisions\/2066"}],"wp:attachment":[{"href":"https:\/\/mnssimulacion.cl\/en\/wp-json\/wp\/v2\/media?parent=914"}],"curies":[{"name":"wp","href":"https:\/\/api.w.org\/{rel}","templated":true}]}}