{"id":911,"date":"2022-08-03T05:00:34","date_gmt":"2022-08-03T05:00:34","guid":{"rendered":"https:\/\/mnssimulacion.cl\/?page_id=911"},"modified":"2024-07-22T16:50:58","modified_gmt":"2024-07-22T16:50:58","slug":"sobre-el-mns","status":"publish","type":"page","link":"https:\/\/mnssimulacion.cl\/en\/sobre-el-mns\/","title":{"rendered":"About the MNS"},"content":{"rendered":"<!--themify_builder_content-->\n<div id=\"themify_builder_content-911\" data-postid=\"911\" class=\"themify_builder_content themify_builder_content-911 themify_builder tf_clear\">\n    \t<!-- module_row -->\n\t<div  data-lazy=\"1\" class=\"module_row themify_builder_row repeat tb_15s380 tb_first tf_clearfix\" >\n\t    \t\t<div class=\"row_inner col_align_top col-count-1 tf_box tf_w tf_rel\">\n\t\t\t<div  data-lazy=\"1\" class=\"module_column tb-column col-full first tb_57xe82 tf_box\">\n\t\t\t    \t        <div class=\"tb-column-inner tf_box tf_w\">\n\t\t    \t<div  data-lazy=\"1\" class=\"module_subrow themify_builder_sub_row tb_g6d4152 tf_w tf_clearfix\">\n\t    \t\t<div class=\"subrow_inner col_align_middle col-count-2 tf_box tf_w\">\n\t\t\t<div  data-lazy=\"1\" class=\"sub_column module_column tf_box col4-2 first tb_mfzy154\"> \n\t    \t    \t        <div class=\"tb-column-inner tf_box tf_w\">\n\t\t    <!-- module fancy heading -->\n<div  class=\"module module-fancy-heading tb_f035578  inline-fancy-heading\" data-lazy=\"1\">\n        <h1 class=\"fancy-heading tf_textl\">\n    <span class=\"main-head tf_inline_b\">\n\t\t\t\t\t\t\t    <\/span>\n\n\t\t\t<span class=\"tb_fancy_heading_icon_wrap tf_inline_b\">\n\t\t\t<span class=\"tb_fancy_heading_border\"><\/span>\t\t\t<span class=\"tb_fancy_heading_icon\">\n\t\t\t\t\t\t\t\t\t<em style=\"color: #0073a6\"><svg  aria-hidden=\"true\" class=\"tf_fa tf-fas-info\"><use href=\"#tf-fas-info\"><\/use><\/svg><\/em>\n\t\t\t\t\t\t\t<\/span>\n\t\t\t<span class=\"tb_fancy_heading_border\"><\/span>\t\t<\/span>\n\t\n    <span class=\"sub-head tf_inline_b tf_rel\">\n\t\t\t\t\tAbout the MNS\t\t    <\/span>\n    <\/h1>\n<\/div>\n<!-- \/module fancy heading -->\n<!-- module text -->\n<div  class=\"module module-text tb_4o7f935  repeat\" data-lazy=\"1\">\n        <div  class=\"tb_text_wrap\">\n    <p>The National Simulation Model (MNS) is an applied forestry research center created in 1989 whose mission is to develop advance forest inventory processing systems and growth and yield models to support sustainable management and increase the profitability of forest resources. We develop computational solutions for fast-growing forest plantations of <em>Pino radiata<\/em>, <em>Eucalyptus globulus<\/em> and <em>Eucalyptus nitens<\/em>. Furthermore, on 2021 research started for implementing growth models for native second-growth forests.<\/p>\n<p>The MNS collaboratively maintains an extensive network of permanent plots and forestry trials, develops various lines of research to meet the needs of its members, markets the developed computer systems, and performs various services for forestry companies, public institutions, and forestry consultants as well as national and international forestry investors. The maintenance of a region-wide network of permanent plots and silvicultural trials, and development of diverse growth simulation models for operational use resulted from a fruitful long-term collaboration between private, public, and academic entities.<\/p>\n<p>Currently the developed systems have also been implemented for <em>Pino taeda<\/em> and diverse <em>Eucalyptus<\/em> sp. plantations in Brasil, Uruguay and Argentina.<\/p>    <\/div>\n<\/div>\n<!-- \/module text -->\t        <\/div>\n\t    \t<\/div>\n\t\t<div  data-lazy=\"1\" class=\"sub_column module_column tf_box col4-2 last tb_97k7971 fullcover\" > \n\t    \t    \t        <div class=\"tb-column-inner tf_box tf_w\">\n\t\t    <!-- module image -->\n<div  class=\"module module-image tb_ifl9864   image-center tf_mw\" data-lazy=\"1\">\n        <div class=\"image-wrap tf_rel tf_mw\">\n\t\t    <img loading=\"lazy\" width=\"1400\" height=\"1050\" src=\"https:\/\/mnssimulacion.cl\/wp-content\/uploads\/2022\/08\/ss.png\" class=\"wp-post-image wp-image-963\" title=\"ss\" alt=\"ss\">\t\n\t\t<\/div>\n\t<!-- \/image-wrap -->\n    \n    \t<\/div>\n<!-- \/module image -->\t        <\/div>\n\t    \t<\/div>\n\t\t    <\/div>\n\t<\/div><!-- \/themify_builder_sub_row -->\n\t\t        <\/div>\n\t    \t<\/div>\n\t\t    <\/div>\n\t    <!-- \/row_inner -->\n\t<\/div>\n\t<!-- \/module_row -->\n\t<\/div>\n<!--\/themify_builder_content-->","protected":false},"excerpt":{"rendered":"<p>Sobre el MNS El Modelo Nacional de Simulaci\u00f3n (MNS) es un centro de investigaci\u00f3n forestal creado el a\u00f1o 1989 cuya misi\u00f3n es la construcci\u00f3n de un sistema integrado de inventarios forestales y modelos de crecimiento y rendimiento para apoyar la gesti\u00f3n sustentable y aumentar la rentabilidad de los recursos forestales. Nosotros desarrollamos soluciones computacionales para [&hellip;]<\/p>","protected":false},"author":1,"featured_media":0,"parent":0,"menu_order":0,"comment_status":"closed","ping_status":"closed","template":"","meta":[],"builder_content":"<h1><br\/>Sobre el MNS<\/h1>\n<p>El Modelo Nacional de Simulaci\u00f3n (MNS) es un centro de investigaci\u00f3n forestal creado el a\u00f1o 1989 cuya misi\u00f3n es la construcci\u00f3n de un sistema integrado de inventarios forestales y modelos de crecimiento y rendimiento para apoyar la gesti\u00f3n sustentable y aumentar la rentabilidad de los recursos forestales. Nosotros desarrollamos soluciones computacionales para plantaciones forestales de r\u00e1pido crecimiento de <em>Pino radiata<\/em>, <em>Eucalyptus globulus<\/em> y <em>Eucalyptus nitens<\/em>. Sin embargo, el a\u00f1o 2021 se inici\u00f3 tambi\u00e9n la implementaci\u00f3n de modelos de crecimiento para bosque nativo de segundo crecimiento (renovales).<\/p> <p>El MNS mantiene de manera colaborativa una extensa red de parcelas permanentes y ensayos silv\u00edcolas, desarrolla diversas l\u00edneas de investigaci\u00f3n cubriendo las necesidades de sus miembros, comercializa los sistemas computacionales desarrollados y realiza diversos tipos de servicios a empresas forestales, instituciones p\u00fablicas, consultores forestales y tambi\u00e9n a inversionistas forestales nacionales e internacionales. La mantenci\u00f3n de una red de parcelas permanentes y ensayos silv\u00edcolas, y desarrollo de modelos de simulaci\u00f3n para uso operacional han sido el resultado de una fruct\u00edfera colaboraci\u00f3n de largo plazo mantenida entre entidades privadas, p\u00fablicas y acad\u00e9micas.<\/p> <p>Los sistemas desarrollados han sido tambi\u00e9n implementados para plantaciones de <em>Pino taeda<\/em> y otras especies de <em>Eucalyptus<\/em> sp. en Brasil, Uruguay y Argentina.<\/p>\n<img loading=\"lazy\" width=\"1400\" height=\"1050\" src=\"https:\/\/mnssimulacion.cl\/wp-content\/uploads\/2022\/08\/ss.png\" title=\"ss\" alt=\"ss\">","_links":{"self":[{"href":"https:\/\/mnssimulacion.cl\/en\/wp-json\/wp\/v2\/pages\/911"}],"collection":[{"href":"https:\/\/mnssimulacion.cl\/en\/wp-json\/wp\/v2\/pages"}],"about":[{"href":"https:\/\/mnssimulacion.cl\/en\/wp-json\/wp\/v2\/types\/page"}],"author":[{"embeddable":true,"href":"https:\/\/mnssimulacion.cl\/en\/wp-json\/wp\/v2\/users\/1"}],"replies":[{"embeddable":true,"href":"https:\/\/mnssimulacion.cl\/en\/wp-json\/wp\/v2\/comments?post=911"}],"version-history":[{"count":20,"href":"https:\/\/mnssimulacion.cl\/en\/wp-json\/wp\/v2\/pages\/911\/revisions"}],"predecessor-version":[{"id":2344,"href":"https:\/\/mnssimulacion.cl\/en\/wp-json\/wp\/v2\/pages\/911\/revisions\/2344"}],"wp:attachment":[{"href":"https:\/\/mnssimulacion.cl\/en\/wp-json\/wp\/v2\/media?parent=911"}],"curies":[{"name":"wp","href":"https:\/\/api.w.org\/{rel}","templated":true}]}}