{"id":8,"date":"2022-06-11T01:19:54","date_gmt":"2022-06-11T01:19:54","guid":{"rendered":"https:\/\/mnssimulacion.cl\/?page_id=8"},"modified":"2026-04-23T16:45:54","modified_gmt":"2026-04-23T16:45:54","slug":"home","status":"publish","type":"page","link":"https:\/\/mnssimulacion.cl\/en\/","title":{"rendered":"home"},"content":{"rendered":"<!--themify_builder_content-->\n<div id=\"themify_builder_content-8\" data-postid=\"8\" class=\"themify_builder_content themify_builder_content-8 themify_builder tf_clear\">\n    \t<!-- module_row -->\n\t<div  data-css_id=\"smte703\" data-lazy=\"1\" class=\"module_row themify_builder_row fullwidth_row_container tb_smte703 tb_first tf_clearfix\" >\n\t    \t\t<div class=\"row_inner col_align_top gutter-narrow col-count-4 tf_box tf_w tf_rel\"  data-basecol=\"4\" data-col_tablet=\"column4-2\" data-col_tablet_landscape=\"column4-1\">\n\t\t\t<div  data-lazy=\"1\" class=\"module_column tb-column col4-1 first tb_ykjx704 repeat tf_box\">\n\t\t\t    \t        <div class=\"tb-column-inner tf_box tf_w\">\n\t\t    \t<div  data-lazy=\"1\" class=\"module_subrow themify_builder_sub_row tb_bm8g956 tf_w tf_clearfix\">\n\t    \t\t<div class=\"subrow_inner col_align_top col-count-1 tf_box tf_w\">\n\t\t\t<div  data-lazy=\"1\" class=\"sub_column module_column tf_box col-full first tb_1ql1957\"> \n\t    \t    \t        <div class=\"tb-column-inner tf_box tf_w\">\n\t\t    <!-- module image -->\n<div  class=\"module module-image tb_7fzm768   image-center tf_mw\" data-lazy=\"1\">\n        <div class=\"image-wrap tf_rel tf_mw\">\n\t\t    \t\n\t\t<\/div>\n\t<!-- \/image-wrap -->\n    \n    \t<\/div>\n<!-- \/module image --><!-- module text -->\n<div  class=\"module module-text tb_icyg928  repeat\" data-lazy=\"1\">\n        <div  class=\"tb_text_wrap\">\n    <h3 style=\"text-align: left;\"><strong>Field Trials<\/strong><\/h3>\n<p>The information required for the construction of predictive models has been obtained from the installation and maintenance of a \u2026<\/p>    <\/div>\n<\/div>\n<!-- \/module text --><!-- module text -->\n<div  class=\"module module-text tb_ocrz726  repeat\" data-lazy=\"1\">\n        <div  class=\"tb_text_wrap\">\n    <p><strong><a href=\"https:\/\/mnssimulacion.cl\/en\/ensayos\/\" data-wplink-url-error=\"true\">Learn more<\/a><\/strong><\/p>    <\/div>\n<\/div>\n<!-- \/module text -->\t        <\/div>\n\t    \t<\/div>\n\t\t    <\/div>\n\t<\/div><!-- \/themify_builder_sub_row -->\n\t\t        <\/div>\n\t    \t<\/div>\n\t\t<div  data-lazy=\"1\" class=\"module_column tb-column col4-1 second tb_89a2704 tf_box\">\n\t\t\t    \t        <div class=\"tb-column-inner tf_box tf_w\">\n\t\t    \t<div  data-lazy=\"1\" class=\"module_subrow themify_builder_sub_row tb_zcfk645 tf_w tf_clearfix\">\n\t    \t\t<div class=\"subrow_inner col_align_top col-count-1 tf_box tf_w\">\n\t\t\t<div  data-lazy=\"1\" class=\"sub_column module_column tf_box col-full first tb_c63q646\" > \n\t    \t    \t        <div class=\"tb-column-inner tf_box tf_w\">\n\t\t    <!-- module image -->\n<div  class=\"module module-image tb_cdft880   image-center tf_mw\" data-lazy=\"1\">\n        <div class=\"image-wrap tf_rel tf_mw\">\n\t\t    \t\n\t\t<\/div>\n\t<!-- \/image-wrap -->\n    \n    \t<\/div>\n<!-- \/module image --><!-- module text -->\n<div  class=\"module module-text tb_f2rx825  repeat\" data-lazy=\"1\">\n        <div  class=\"tb_text_wrap\">\n    <h3 style=\"text-align: left;\"><strong>Simulators<\/strong><\/h3>\n<p>The MNS has developed growth and yield simulation models for the most important commercial tree species ...<\/p>    <\/div>\n<\/div>\n<!-- \/module text --><!-- module text -->\n<div  class=\"module module-text tb_f1ij418  repeat\" data-lazy=\"1\">\n        <div  class=\"tb_text_wrap\">\n    <p><strong><a href=\"https:\/\/mnssimulacion.cl\/en\/modelos\/\" data-wplink-url-error=\"true\">Learn more<\/a><\/strong><\/p>    <\/div>\n<\/div>\n<!-- \/module text -->\t        <\/div>\n\t    \t<\/div>\n\t\t    <\/div>\n\t<\/div><!-- \/themify_builder_sub_row -->\n\t\t        <\/div>\n\t    \t<\/div>\n\t\t<div  data-lazy=\"1\" class=\"module_column tb-column col4-1 third tb_oz4b704 tf_box\">\n\t\t\t    \t        <div class=\"tb-column-inner tf_box tf_w\">\n\t\t    \t<div  data-lazy=\"1\" class=\"module_subrow themify_builder_sub_row tb_us8m723 tf_w tf_clearfix\">\n\t    \t\t<div class=\"subrow_inner col_align_top col-count-1 tf_box tf_w\">\n\t\t\t<div  data-lazy=\"1\" class=\"sub_column module_column tf_box col-full first tb_qpjm724\"> \n\t    \t    \t        <div class=\"tb-column-inner tf_box tf_w\">\n\t\t    <!-- module image -->\n<div  class=\"module module-image tb_084v631   image-center tf_mw\" data-lazy=\"1\">\n        <div class=\"image-wrap tf_rel tf_mw\">\n\t\t    \t\n\t\t<\/div>\n\t<!-- \/image-wrap -->\n    \n    \t<\/div>\n<!-- \/module image --><!-- module text -->\n<div  class=\"module module-text tb_vzu9547  repeat\" data-lazy=\"1\">\n        <div  class=\"tb_text_wrap\">\n    <h3 style=\"text-align: left;\"><strong>Services<\/strong><\/h3>\n<p>MNS offers a series of products and services to support correct decision-making for evaluating ...<\/p>    <\/div>\n<\/div>\n<!-- \/module text --><!-- module text -->\n<div  class=\"module module-text tb_rsrk638  repeat\" data-lazy=\"1\">\n        <div  class=\"tb_text_wrap\">\n    <p><strong><a href=\"https:\/\/mnssimulacion.cl\/en\/servicios\/\" data-wplink-url-error=\"true\">Learn more<\/a><\/strong><\/p>    <\/div>\n<\/div>\n<!-- \/module text -->\t        <\/div>\n\t    \t<\/div>\n\t\t    <\/div>\n\t<\/div><!-- \/themify_builder_sub_row -->\n\t\t        <\/div>\n\t    \t<\/div>\n\t\t<div  data-lazy=\"1\" class=\"module_column tb-column col4-1 last tb_kxkr704 repeat tf_box\">\n\t\t\t    \t        <div class=\"tb-column-inner tf_box tf_w\">\n\t\t    \t<div  data-lazy=\"1\" class=\"module_subrow themify_builder_sub_row repeat tb_kobt460 hide-desktop hide-tablet hide-tablet_landscape hide-mobile hide-on-stick tf_w tf_clearfix\">\n\t    \t\t<div class=\"subrow_inner col_align_middle gutter-narrow col-count-2 tf_box tf_w\"  data-basecol=\"2\" data-col_mobile=\"column4-1-4-3\">\n\t\t\t<div  data-lazy=\"1\" class=\"sub_column module_column tf_box col3-1 first tb_6smf460\"> \n\t    \t    \t        <div class=\"tb-column-inner tf_box tf_w\">\n\t\t    <!-- module image -->\n<div  class=\"module module-image tb_3nk5460   image-center tf_mw\" data-lazy=\"1\">\n        <div class=\"image-wrap tf_rel tf_mw\">\n\t\t    <a href=\"https:\/\/www.iufro.org\/events\/calendar\/current\/\"\n\t       \t       >\n\t\t   \t\t<img src=\"https:\/\/www.iufro.org\/fileadmin\/iufro\/templates-2\/images\/logo.png\" title=\"home\" alt=\"home\">\t    <\/a>\n\t\n\t\t<\/div>\n\t<!-- \/image-wrap -->\n    \n    \t<\/div>\n<!-- \/module image -->\t        <\/div>\n\t    \t<\/div>\n\t\t<div  data-lazy=\"1\" class=\"sub_column module_column tf_box col3-2 last tb_6azp460\"> \n\t    \t    \t        <div class=\"tb-column-inner tf_box tf_w\">\n\t\t    <!-- module text -->\n<div  class=\"module module-text tb_jh74460\" data-lazy=\"1\">\n        <div  class=\"tb_text_wrap\">\n    <p style=\"text-align: left;\"><a href=\"https:\/\/www.iufro.org\/events\/calendar\/current\/\">Calendar of Events<\/a><\/p>    <\/div>\n<\/div>\n<!-- \/module text -->\t        <\/div>\n\t    \t<\/div>\n\t\t    <\/div>\n\t<\/div><!-- \/themify_builder_sub_row -->\n\t\t<div  data-lazy=\"1\" class=\"module_subrow themify_builder_sub_row repeat tb_yzrr813 hide-desktop hide-tablet hide-tablet_landscape hide-mobile hide-on-stick tf_w tf_clearfix\">\n\t    \t\t<div class=\"subrow_inner col_align_middle gutter-narrow col-count-2 tf_box tf_w\"  data-basecol=\"2\" data-col_mobile=\"column4-1-4-3\">\n\t\t\t<div  data-lazy=\"1\" class=\"sub_column module_column tf_box col3-1 first tb_uyx1814\"> \n\t    \t    \t        <div class=\"tb-column-inner tf_box tf_w\">\n\t\t    <!-- module image -->\n<div  class=\"module module-image tb_men9904   image-center tf_mw\" data-lazy=\"1\">\n        <div class=\"image-wrap tf_rel tf_mw\">\n\t\t    <a href=\"https:\/\/mnssimulacion.cl\/en\/anuncios\/\"\n\t       \t       >\n\t\t   \t\t<img loading=\"lazy\" width=\"382\" height=\"258\" src=\"https:\/\/mnssimulacion.cl\/wp-content\/uploads\/2023\/06\/IX_congreso_chilen_ciencias_forestales.png\" class=\"wp-post-image wp-image-1738\" title=\"IX_congreso_chilen_ciencias_forestales\" alt=\"IX_congreso_chilen_ciencias_forestales\" srcset=\"https:\/\/mnssimulacion.cl\/wp-content\/uploads\/2023\/06\/IX_congreso_chilen_ciencias_forestales.png 382w, https:\/\/mnssimulacion.cl\/wp-content\/uploads\/2023\/06\/IX_congreso_chilen_ciencias_forestales-300x203.png 300w, https:\/\/mnssimulacion.cl\/wp-content\/uploads\/2023\/06\/IX_congreso_chilen_ciencias_forestales-18x12.png 18w\" sizes=\"(max-width: 382px) 100vw, 382px\" \/>\t    <\/a>\n\t\n\t\t<\/div>\n\t<!-- \/image-wrap -->\n    \n    \t<\/div>\n<!-- \/module image -->\t        <\/div>\n\t    \t<\/div>\n\t\t<div  data-lazy=\"1\" class=\"sub_column module_column tf_box col3-2 last tb_74j4814\"> \n\t    \t    \t        <div class=\"tb-column-inner tf_box tf_w\">\n\t\t    <!-- module text -->\n<div  class=\"module module-text tb_l395798  repeat\" data-lazy=\"1\">\n        <div  class=\"tb_text_wrap\">\n    <p style=\"text-align: left;\"><a href=\"https:\/\/mnssimulacion.cl\/en\/anuncios\/\">IX Chilean Congress of Forest Sciences in Valdivia<\/a><\/p>    <\/div>\n<\/div>\n<!-- \/module text -->\t        <\/div>\n\t    \t<\/div>\n\t\t    <\/div>\n\t<\/div><!-- \/themify_builder_sub_row -->\n\t\t<div  data-lazy=\"1\" class=\"module_subrow themify_builder_sub_row repeat tb_ir97336 hide-desktop hide-tablet hide-tablet_landscape hide-mobile hide-on-stick tf_w tf_clearfix\">\n\t    \t\t<div class=\"subrow_inner col_align_middle gutter-narrow col-count-2 tf_box tf_w\"  data-basecol=\"2\" data-col_mobile=\"column4-1-4-3\">\n\t\t\t<div  data-lazy=\"1\" class=\"sub_column module_column tf_box col3-1 first tb_ffcv336\"> \n\t    \t    \t        <div class=\"tb-column-inner tf_box tf_w\">\n\t\t    <!-- module image -->\n<div  class=\"module module-image tb_oup9336   image-center tf_mw\" data-lazy=\"1\">\n        <div class=\"image-wrap tf_rel tf_mw\">\n\t\t    <a href=\"https:\/\/mnssimulacion.cl\/en\/noticias\/\"\n\t       \t       >\n\t\t   \t\t<img loading=\"lazy\" width=\"411\" height=\"309\" src=\"https:\/\/mnssimulacion.cl\/wp-content\/uploads\/2022\/10\/thumbnail_image.png\" class=\"wp-post-image wp-image-1491\" title=\"thumbnail_image\" alt=\"thumbnail_image\" srcset=\"https:\/\/mnssimulacion.cl\/wp-content\/uploads\/2022\/10\/thumbnail_image.png 411w, https:\/\/mnssimulacion.cl\/wp-content\/uploads\/2022\/10\/thumbnail_image-300x226.png 300w, https:\/\/mnssimulacion.cl\/wp-content\/uploads\/2022\/10\/thumbnail_image-16x12.png 16w\" sizes=\"(max-width: 411px) 100vw, 411px\" \/>\t    <\/a>\n\t\n\t\t<\/div>\n\t<!-- \/image-wrap -->\n    \n    \t<\/div>\n<!-- \/module image -->\t        <\/div>\n\t    \t<\/div>\n\t\t<div  data-lazy=\"1\" class=\"sub_column module_column tf_box col3-2 last tb_zzd4337\"> \n\t    \t    \t        <div class=\"tb-column-inner tf_box tf_w\">\n\t\t    <!-- module text -->\n<div  class=\"module module-text tb_va5i337\" data-lazy=\"1\">\n        <div  class=\"tb_text_wrap\">\n    <p style=\"text-align: left;\"><a href=\"https:\/\/mnssimulacion.cl\/en\/anuncios\/\">Beca Magister 2023<\/a><\/p>    <\/div>\n<\/div>\n<!-- \/module text -->\t        <\/div>\n\t    \t<\/div>\n\t\t    <\/div>\n\t<\/div><!-- \/themify_builder_sub_row -->\n\t<!-- module icon -->\n<div  class=\"module module-icon tb_qqo5614  normal circle icon_horizontal tf_textl\" data-lazy=\"1\">\n    \t    <div class=\"module-icon-item tf_inline_b\">\n\t\t\t\t\t\t\t<a href=\"https:\/\/mnssimulacion.cl\/en\/noticias\/\">\n\t\t\t\t\t\t\t\t\t\t\t\t\t\t\t\t\t<em class=\"ui tf_vmiddle tf_textc tf_box\" style=\"background-color: #0073a6;color: #ffffff\"><svg  aria-hidden=\"true\" class=\"tf_fa tf-far-newspaper\"><use href=\"#tf-far-newspaper\"><\/use><\/svg><\/em>\n\t\t\t\t\t\t\t\t\t\t\t\t                    \t\t\t\t\t<span class=\"tf_vmiddle\">News<\/span>\n                                    \t\t\t\t\t\t\t<\/a>\n\t\t\t\t    <\/div>\n\t<\/div>\n<!-- \/module icon -->\n\t<div  data-lazy=\"1\" class=\"module_subrow themify_builder_sub_row repeat tb_s8ri156 tf_w tf_clearfix\">\n\t    \t\t<div class=\"subrow_inner col_align_middle gutter-narrow col-count-2 tf_box tf_w\"  data-basecol=\"2\" data-col_mobile=\"column4-1-4-3\">\n\t\t\t<div  data-lazy=\"1\" class=\"sub_column module_column tf_box col3-1 first tb_6aad156\"> \n\t    \t    \t        <div class=\"tb-column-inner tf_box tf_w\">\n\t\t    <!-- module image -->\n<div  class=\"module module-image tb_wmfp157   image-center tf_mw\" data-lazy=\"1\">\n        <div class=\"image-wrap tf_rel tf_mw\">\n\t\t    <a href=\"https:\/\/mnssimulacion.cl\/en\/noticias\/\"\n\t       \t       >\n\t\t   \t\t<img loading=\"lazy\" width=\"1301\" height=\"813\" src=\"https:\/\/mnssimulacion.cl\/wp-content\/uploads\/2025\/05\/BancoDatos.png\" class=\"wp-post-image wp-image-2795\" title=\"BancoDatos\" alt=\"BancoDatos\" srcset=\"https:\/\/mnssimulacion.cl\/wp-content\/uploads\/2025\/05\/BancoDatos.png 1301w, https:\/\/mnssimulacion.cl\/wp-content\/uploads\/2025\/05\/BancoDatos-300x187.png 300w, https:\/\/mnssimulacion.cl\/wp-content\/uploads\/2025\/05\/BancoDatos-1024x640.png 1024w, https:\/\/mnssimulacion.cl\/wp-content\/uploads\/2025\/05\/BancoDatos-768x480.png 768w, https:\/\/mnssimulacion.cl\/wp-content\/uploads\/2025\/05\/BancoDatos-18x12.png 18w\" sizes=\"(max-width: 1301px) 100vw, 1301px\" \/>\t    <\/a>\n\t\n\t\t<\/div>\n\t<!-- \/image-wrap -->\n    \n    \t<\/div>\n<!-- \/module image -->\t        <\/div>\n\t    \t<\/div>\n\t\t<div  data-lazy=\"1\" class=\"sub_column module_column tf_box col3-2 last tb_enkp157 repeat\" > \n\t    \t    \t        <div class=\"tb-column-inner tf_box tf_w\">\n\t\t    <!-- module text -->\n<div  class=\"module module-text tb_zzew157  repeat\" data-lazy=\"1\">\n        <div  class=\"tb_text_wrap\">\n    <p style=\"text-align: left;\"><a href=\"https:\/\/mnssimulacion.cl\/en\/noticias\/\">New Centralized Database Management System<\/a><\/p>\n<p style=\"text-align: left;\">\u00a0<\/p>    <\/div>\n<\/div>\n<!-- \/module text -->\t        <\/div>\n\t    \t<\/div>\n\t\t    <\/div>\n\t<\/div><!-- \/themify_builder_sub_row -->\n\t\t<div  data-lazy=\"1\" class=\"module_subrow themify_builder_sub_row repeat tb_ymyq727 tf_w tf_clearfix\">\n\t    \t\t<div class=\"subrow_inner col_align_middle gutter-narrow col-count-2 tf_box tf_w\"  data-basecol=\"2\" data-col_mobile=\"column4-1-4-3\">\n\t\t\t<div  data-lazy=\"1\" class=\"sub_column module_column tf_box col3-1 first tb_z6s9727\"> \n\t    \t    \t        <div class=\"tb-column-inner tf_box tf_w\">\n\t\t    <!-- module image -->\n<div  class=\"module module-image tb_rjct727   image-center tf_mw\" data-lazy=\"1\">\n        <div class=\"image-wrap tf_rel tf_mw\">\n\t\t    <a href=\"https:\/\/mnssimulacion.cl\/en\/noticias\/\"\n\t       \t       >\n\t\t   \t\t<img loading=\"lazy\" width=\"2560\" height=\"1183\" src=\"https:\/\/mnssimulacion.cl\/wp-content\/uploads\/2025\/05\/20250520_131153-scaled.jpg\" class=\"wp-post-image wp-image-2792\" title=\"20250520_131153\" alt=\"20250520_131153\" srcset=\"https:\/\/mnssimulacion.cl\/wp-content\/uploads\/2025\/05\/20250520_131153-scaled.jpg 2560w, https:\/\/mnssimulacion.cl\/wp-content\/uploads\/2025\/05\/20250520_131153-300x139.jpg 300w, https:\/\/mnssimulacion.cl\/wp-content\/uploads\/2025\/05\/20250520_131153-1024x473.jpg 1024w, https:\/\/mnssimulacion.cl\/wp-content\/uploads\/2025\/05\/20250520_131153-768x355.jpg 768w, https:\/\/mnssimulacion.cl\/wp-content\/uploads\/2025\/05\/20250520_131153-1536x710.jpg 1536w, https:\/\/mnssimulacion.cl\/wp-content\/uploads\/2025\/05\/20250520_131153-2048x946.jpg 2048w, https:\/\/mnssimulacion.cl\/wp-content\/uploads\/2025\/05\/20250520_131153-18x8.jpg 18w\" sizes=\"(max-width: 2560px) 100vw, 2560px\" \/>\t    <\/a>\n\t\n\t\t<\/div>\n\t<!-- \/image-wrap -->\n    \n    \t<\/div>\n<!-- \/module image -->\t        <\/div>\n\t    \t<\/div>\n\t\t<div  data-lazy=\"1\" class=\"sub_column module_column tf_box col3-2 last tb_de05727 repeat\" > \n\t    \t    \t        <div class=\"tb-column-inner tf_box tf_w\">\n\t\t    <!-- module text -->\n<div  class=\"module module-text tb_ll4g727  repeat\" data-lazy=\"1\">\n        <div  class=\"tb_text_wrap\">\n    <p style=\"text-align: left;\"><a href=\"https:\/\/mnssimulacion.cl\/en\/noticias\/\">Annual Training for New Field Crews<\/a><\/p>\n<p style=\"text-align: left;\">\u00a0<\/p>    <\/div>\n<\/div>\n<!-- \/module text -->\t        <\/div>\n\t    \t<\/div>\n\t\t    <\/div>\n\t<\/div><!-- \/themify_builder_sub_row -->\n\t\t<div  data-lazy=\"1\" class=\"module_subrow themify_builder_sub_row repeat tb_efdf296 tf_w tf_clearfix\">\n\t    \t\t<div class=\"subrow_inner col_align_middle gutter-narrow col-count-2 tf_box tf_w\"  data-basecol=\"2\" data-col_mobile=\"column4-1-4-3\">\n\t\t\t<div  data-lazy=\"1\" class=\"sub_column module_column tf_box col3-1 first tb_7b8e296\"> \n\t    \t    \t        <div class=\"tb-column-inner tf_box tf_w\">\n\t\t    <!-- module image -->\n<div  class=\"module module-image tb_6be1296   image-center tf_mw\" data-lazy=\"1\">\n        <div class=\"image-wrap tf_rel tf_mw\">\n\t\t    <a href=\"https:\/\/mnssimulacion.cl\/en\/noticias\/\"\n\t       \t       >\n\t\t   \t\t<img loading=\"lazy\" width=\"592\" height=\"444\" src=\"https:\/\/mnssimulacion.cl\/wp-content\/uploads\/2025\/05\/rucacalquin_mayo_2025.jpg\" class=\"wp-post-image wp-image-2790\" title=\"rucacalquin_mayo_2025\" alt=\"rucacalquin_mayo_2025\" srcset=\"https:\/\/mnssimulacion.cl\/wp-content\/uploads\/2025\/05\/rucacalquin_mayo_2025.jpg 592w, https:\/\/mnssimulacion.cl\/wp-content\/uploads\/2025\/05\/rucacalquin_mayo_2025-300x225.jpg 300w, https:\/\/mnssimulacion.cl\/wp-content\/uploads\/2025\/05\/rucacalquin_mayo_2025-16x12.jpg 16w\" sizes=\"(max-width: 592px) 100vw, 592px\" \/>\t    <\/a>\n\t\n\t\t<\/div>\n\t<!-- \/image-wrap -->\n    \n    \t<\/div>\n<!-- \/module image -->\t        <\/div>\n\t    \t<\/div>\n\t\t<div  data-lazy=\"1\" class=\"sub_column module_column tf_box col3-2 last tb_jb7x296 repeat\" > \n\t    \t    \t        <div class=\"tb-column-inner tf_box tf_w\">\n\t\t    <!-- module text -->\n<div  class=\"module module-text tb_nri3296  repeat\" data-lazy=\"1\">\n        <div  class=\"tb_text_wrap\">\n    <p style=\"text-align: left;\"><a href=\"https:\/\/mnssimulacion.cl\/en\/noticias\/\">Visit of New Silvicultural Trial: Rucacalqu\u00edn<\/a><\/p>    <\/div>\n<\/div>\n<!-- \/module text -->\t        <\/div>\n\t    \t<\/div>\n\t\t    <\/div>\n\t<\/div><!-- \/themify_builder_sub_row -->\n\t\t        <\/div>\n\t    \t<\/div>\n\t\t    <\/div>\n\t    <!-- \/row_inner -->\n\t<\/div>\n\t<!-- \/module_row -->\n\t<\/div>\n<!--\/themify_builder_content-->","protected":false},"excerpt":{"rendered":"<p>Ensayos La informaci\u00f3n requerida para la construcci\u00f3n de modelos predictivos se ha obtenido a partir de la instalaci\u00f3n y mantenci\u00f3n de una &#8230; Conocer m\u00e1s Simuladores El MNS ha desarrollado modelos de simulaci\u00f3n de crecimiento y rendimiento para diversas especies forestales de inter\u00e9s &#8230; Conocer m\u00e1s Servicios MNS ofrece una serie de productos y servicios [&hellip;]<\/p>\n","protected":false},"author":2,"featured_media":0,"parent":0,"menu_order":0,"comment_status":"closed","ping_status":"closed","template":"","meta":[],"builder_content":"\n<h3 style=\"text-align: left;\"><strong>Ensayos<\/strong><\/h3> <p>La informaci\u00f3n requerida para la construcci\u00f3n de modelos predictivos se ha obtenido a partir de la instalaci\u00f3n y mantenci\u00f3n de una ...<\/p>\n<p><strong><a href=\"https:\/\/www.mnssimulacion.cl\/ensayos\/\" data-wplink-url-error=\"true\">Conocer m\u00e1s<\/a><\/strong><\/p>\n\n<h3 style=\"text-align: left;\"><strong>Simuladores<\/strong><\/h3> <p>El MNS ha desarrollado modelos de simulaci\u00f3n de crecimiento y rendimiento para diversas especies forestales de inter\u00e9s ...<\/p>\n<p><strong><a href=\"https:\/\/www.mnssimulacion.cl\/modelos\/\" data-wplink-url-error=\"true\">Conocer m\u00e1s<\/a><\/strong><\/p>\n\n<h3 style=\"text-align: left;\"><strong>Servicios<\/strong><\/h3> <p>MNS ofrece una serie de productos y servicios para apoyar una correcta toma de decisiones para la evaluaci\u00f3n de plantaciones \u2026<\/p>\n<p><strong><a href=\"https:\/\/www.mnssimulacion.cl\/servicios\/\" data-wplink-url-error=\"true\">Conocer m\u00e1s<\/a><\/strong><\/p>\n\n<a href=\"https:\/\/www.iufro.org\/events\/calendar\/current\/\" > <img src=\"https:\/\/www.iufro.org\/fileadmin\/iufro\/templates-2\/images\/logo.png\" title=\"home\" alt=\"home\"> <\/a>\n<p style=\"text-align: left;\"><a href=\"https:\/\/www.iufro.org\/events\/calendar\/current\/\">Calendario de Eventos<\/a><\/p>\n<a href=\"https:\/\/www.mnssimulacion.cl\/anuncios\/\" > <img loading=\"lazy\" width=\"382\" height=\"258\" src=\"https:\/\/mnssimulacion.cl\/wp-content\/uploads\/2023\/06\/IX_congreso_chilen_ciencias_forestales.png\" title=\"IX_congreso_chilen_ciencias_forestales\" alt=\"IX_congreso_chilen_ciencias_forestales\" srcset=\"https:\/\/mnssimulacion.cl\/wp-content\/uploads\/2023\/06\/IX_congreso_chilen_ciencias_forestales.png 382w, https:\/\/mnssimulacion.cl\/wp-content\/uploads\/2023\/06\/IX_congreso_chilen_ciencias_forestales-300x203.png 300w, https:\/\/mnssimulacion.cl\/wp-content\/uploads\/2023\/06\/IX_congreso_chilen_ciencias_forestales-18x12.png 18w\" sizes=\"(max-width: 382px) 100vw, 382px\" \/> <\/a>\n<p style=\"text-align: left;\"><a href=\"https:\/\/mnssimulacion.cl\/anuncios\/\">IX Congreso Chileno de Ciencias Forestales en la ciudad de Valdivia<\/a><\/p>\n<a href=\"https:\/\/www.mnssimulacion.cl\/noticias\/\" > <img loading=\"lazy\" width=\"411\" height=\"309\" src=\"https:\/\/mnssimulacion.cl\/wp-content\/uploads\/2022\/10\/thumbnail_image.png\" title=\"thumbnail_image\" alt=\"thumbnail_image\" srcset=\"https:\/\/mnssimulacion.cl\/wp-content\/uploads\/2022\/10\/thumbnail_image.png 411w, https:\/\/mnssimulacion.cl\/wp-content\/uploads\/2022\/10\/thumbnail_image-300x226.png 300w, https:\/\/mnssimulacion.cl\/wp-content\/uploads\/2022\/10\/thumbnail_image-16x12.png 16w\" sizes=\"(max-width: 411px) 100vw, 411px\" \/> <\/a>\n<p style=\"text-align: left;\"><a href=\"https:\/\/www.mnssimulacion.cl\/anuncios\/\">Beca Magister 2023<\/a><\/p>\n<a href=\"https:\/\/www.mnssimulacion.cl\/noticias\/\"> <em style=\"background-color: #0073a6;color: #ffffff\"><svg aria-hidden=\"true\"><use href=\"#tf-far-newspaper\"><\/use><\/svg><\/em> Noticias <\/a>\n<a href=\"https:\/\/www.mnssimulacion.cl\/noticias\/\" > <img loading=\"lazy\" width=\"1301\" height=\"813\" src=\"https:\/\/mnssimulacion.cl\/wp-content\/uploads\/2025\/05\/BancoDatos.png\" title=\"BancoDatos\" alt=\"BancoDatos\" srcset=\"https:\/\/mnssimulacion.cl\/wp-content\/uploads\/2025\/05\/BancoDatos.png 1301w, https:\/\/mnssimulacion.cl\/wp-content\/uploads\/2025\/05\/BancoDatos-300x187.png 300w, https:\/\/mnssimulacion.cl\/wp-content\/uploads\/2025\/05\/BancoDatos-1024x640.png 1024w, https:\/\/mnssimulacion.cl\/wp-content\/uploads\/2025\/05\/BancoDatos-768x480.png 768w, https:\/\/mnssimulacion.cl\/wp-content\/uploads\/2025\/05\/BancoDatos-18x12.png 18w\" sizes=\"(max-width: 1301px) 100vw, 1301px\" \/> <\/a>\n<p style=\"text-align: left;\"><a href=\"https:\/\/mnssimulacion.cl\/noticias\/\">Nuevo Sistema de Gesti\u00f3n de BD Centralizada<\/a><\/p> <p style=\"text-align: left;\">\u00a0<\/p>\n<a href=\"https:\/\/www.mnssimulacion.cl\/noticias\/\" > <img loading=\"lazy\" width=\"2560\" height=\"1183\" src=\"https:\/\/mnssimulacion.cl\/wp-content\/uploads\/2025\/05\/20250520_131153-scaled.jpg\" title=\"20250520_131153\" alt=\"20250520_131153\" srcset=\"https:\/\/mnssimulacion.cl\/wp-content\/uploads\/2025\/05\/20250520_131153-scaled.jpg 2560w, https:\/\/mnssimulacion.cl\/wp-content\/uploads\/2025\/05\/20250520_131153-300x139.jpg 300w, https:\/\/mnssimulacion.cl\/wp-content\/uploads\/2025\/05\/20250520_131153-1024x473.jpg 1024w, https:\/\/mnssimulacion.cl\/wp-content\/uploads\/2025\/05\/20250520_131153-768x355.jpg 768w, https:\/\/mnssimulacion.cl\/wp-content\/uploads\/2025\/05\/20250520_131153-1536x710.jpg 1536w, https:\/\/mnssimulacion.cl\/wp-content\/uploads\/2025\/05\/20250520_131153-2048x946.jpg 2048w, https:\/\/mnssimulacion.cl\/wp-content\/uploads\/2025\/05\/20250520_131153-18x8.jpg 18w\" sizes=\"(max-width: 2560px) 100vw, 2560px\" \/> <\/a>\n<p style=\"text-align: left;\"><a href=\"https:\/\/mnssimulacion.cl\/noticias\/\">Capacitaci\u00f3n Anual de Nuevas Brigadas de Terreno<\/a><\/p> <p style=\"text-align: left;\">\u00a0<\/p>\n<a href=\"https:\/\/www.mnssimulacion.cl\/noticias\/\" > <img loading=\"lazy\" width=\"592\" height=\"444\" src=\"https:\/\/mnssimulacion.cl\/wp-content\/uploads\/2025\/05\/rucacalquin_mayo_2025.jpg\" title=\"rucacalquin_mayo_2025\" alt=\"rucacalquin_mayo_2025\" srcset=\"https:\/\/mnssimulacion.cl\/wp-content\/uploads\/2025\/05\/rucacalquin_mayo_2025.jpg 592w, https:\/\/mnssimulacion.cl\/wp-content\/uploads\/2025\/05\/rucacalquin_mayo_2025-300x225.jpg 300w, https:\/\/mnssimulacion.cl\/wp-content\/uploads\/2025\/05\/rucacalquin_mayo_2025-16x12.jpg 16w\" sizes=\"(max-width: 592px) 100vw, 592px\" \/> <\/a>\n<p style=\"text-align: left;\"><a href=\"https:\/\/mnssimulacion.cl\/noticias\/\">Visita Ensayo Silv\u00edcola: Rucacalqu\u00edn<\/a><\/p>","_links":{"self":[{"href":"https:\/\/mnssimulacion.cl\/en\/wp-json\/wp\/v2\/pages\/8"}],"collection":[{"href":"https:\/\/mnssimulacion.cl\/en\/wp-json\/wp\/v2\/pages"}],"about":[{"href":"https:\/\/mnssimulacion.cl\/en\/wp-json\/wp\/v2\/types\/page"}],"author":[{"embeddable":true,"href":"https:\/\/mnssimulacion.cl\/en\/wp-json\/wp\/v2\/users\/2"}],"replies":[{"embeddable":true,"href":"https:\/\/mnssimulacion.cl\/en\/wp-json\/wp\/v2\/comments?post=8"}],"version-history":[{"count":369,"href":"https:\/\/mnssimulacion.cl\/en\/wp-json\/wp\/v2\/pages\/8\/revisions"}],"predecessor-version":[{"id":2938,"href":"https:\/\/mnssimulacion.cl\/en\/wp-json\/wp\/v2\/pages\/8\/revisions\/2938"}],"wp:attachment":[{"href":"https:\/\/mnssimulacion.cl\/en\/wp-json\/wp\/v2\/media?parent=8"}],"curies":[{"name":"wp","href":"https:\/\/api.w.org\/{rel}","templated":true}]}}