{"id":170,"date":"2022-07-04T21:50:49","date_gmt":"2022-07-04T21:50:49","guid":{"rendered":"https:\/\/mnssimulacion.cl\/?page_id=170"},"modified":"2026-04-23T16:46:30","modified_gmt":"2026-04-23T16:46:30","slug":"servicios","status":"publish","type":"page","link":"https:\/\/mnssimulacion.cl\/en\/servicios\/","title":{"rendered":"Services"},"content":{"rendered":"<!--themify_builder_content-->\n<div id=\"themify_builder_content-170\" data-postid=\"170\" class=\"themify_builder_content themify_builder_content-170 themify_builder tf_clear\">\n    \t<!-- module_row -->\n\t<div  data-lazy=\"1\" class=\"module_row themify_builder_row repeat tb_i7wx475 tb_first tf_clearfix\" >\n\t    \t\t<div class=\"row_inner col_align_top col-count-1 tf_box tf_w tf_rel\">\n\t\t\t<div  data-lazy=\"1\" class=\"module_column tb-column col-full first tb_ebfo475 tf_box\">\n\t\t\t    \t        <div class=\"tb-column-inner tf_box tf_w\">\n\t\t    <!-- module fancy heading -->\n<div  class=\"module module-fancy-heading tb_wbd2298  inline-fancy-heading\" data-lazy=\"1\">\n        <h1 class=\"fancy-heading tf_textl\">\n    <span class=\"main-head tf_inline_b\">\n\t\t\t\t\t\t\t    <\/span>\n\n\t\t\t<span class=\"tb_fancy_heading_icon_wrap tf_inline_b\">\n\t\t\t<span class=\"tb_fancy_heading_border\"><\/span>\t\t\t<span class=\"tb_fancy_heading_icon\">\n\t\t\t\t\t\t\t\t\t<em style=\"color: #0073a6\"><svg  aria-hidden=\"true\" class=\"tf_fa tf-far-list-alt\"><use href=\"#tf-far-list-alt\"><\/use><\/svg><\/em>\n\t\t\t\t\t\t\t<\/span>\n\t\t\t<span class=\"tb_fancy_heading_border\"><\/span>\t\t<\/span>\n\t\n    <span class=\"sub-head tf_inline_b tf_rel\">\n\t\t\t\t\tServices\t\t    <\/span>\n    <\/h1>\n<\/div>\n<!-- \/module fancy heading -->\n<!-- module text -->\n<div  class=\"module module-text tb_2b54475  repeat\" data-lazy=\"1\">\n        <div  class=\"tb_text_wrap\">\n    <p>MNS offers a series of products and services to support correct decision-making for evaluating forest plantations, define forest management regimes, and estimates of expected yields at product level at harvest age.<\/p>    <\/div>\n<\/div>\n<!-- \/module text -->\t<div  data-lazy=\"1\" class=\"module_subrow themify_builder_sub_row tb_xgy6725 tf_w tf_clearfix\">\n\t    \t\t<div class=\"subrow_inner col_align_top col-count-1 tf_box tf_w\">\n\t\t\t<div  data-lazy=\"1\" class=\"sub_column module_column tf_box col-full first tb_z9bk726\"> \n\t    \t    \t        <div class=\"tb-column-inner tf_box tf_w\">\n\t\t    <!-- module feature -->\n<div  class=\"module module-feature tb_ok1m60 with-chart layout-icon-left size-small\" data-layout-mobile=\"icon-top\" data-layout-desktop=\"icon-left\" data-lazy=\"1\">\n        <div class=\"module-feature-image tf_textc tf_rel\">\n\t\t\t\t\t\t\t<span class=\"module-feature-chart-html5 tf_box tf_rel tf_inline_b\">\n\t\t\t\t\t\t\t<svg class=\"tf_abs tf_w tf_h\">\n\t\t\t\t<circle class=\"tb_feature_fill\" r=\"calc(50% - 1px)\" cx=\"50%\" cy=\"50%\" stroke-width=\"2\"\/>\n\t\t\t\t<circle class=\"tb_feature_stroke\" r=\"calc(50% - 1px)\" cx=\"50%\" cy=\"50%\" stroke=\"#0073a6\" stroke-width=\"2\" data-progress=\"100\" stroke-dasharray=\"0,10000\"\/>\n\t\t\t\t\t\t\t\t<\/svg>\n\t\t\t\t\t\t\t<span class=\"chart-html5-circle tf_w tf_h\">\n\t\t\t\t\t\t\t\t\t\t\t\t\t\t\t\t\t\t<em class=\"module-feature-icon tf_rel\" style=\"color:#0073a6\"><svg  aria-hidden=\"true\" class=\"tf_fa tf-fas-th-large\"><use href=\"#tf-fas-th-large\"><\/use><\/svg><\/em>\n\t\t\t\t\t\t\t\t\t\t\t\t\t\t\t<\/span>\n\n\t\t\t\t\n\t\t\t<\/span>\n\t\t\t    <\/div>\n    <div class=\"module-feature-content tf_textc\">\n\t\t\t\t\t<h3 class=\"module-feature-title\">\n\t\t\t\t\t\t\tLicenses\t\t\t\t\t\t<\/h3>\n\t\t\t\t\t<div class=\"tb_text_wrap\">\n\t\t\t<p>Commercial licenses are sold for temporary use with a minimum licensing period of one year. The computer tools available to commercialise licenses are INSIGNE, EUCASIM, and the Data Bank Management System. In the case of simulators, a module can be added for integrating a forest inventory processing system. The license includes permanent technical support in the areas of forest biometrics and computer systems.<\/p>\t\t<\/div>\n    <\/div>\n<\/div>\n<!-- \/module feature -->\n<!-- module feature -->\n<div  class=\"module module-feature tb_32py60 with-chart layout-icon-left size-small\" data-layout-mobile=\"icon-top\" data-layout-desktop=\"icon-left\" data-lazy=\"1\">\n        <div class=\"module-feature-image tf_textc tf_rel\">\n\t\t\t\t\t\t\t<span class=\"module-feature-chart-html5 tf_box tf_rel tf_inline_b\">\n\t\t\t\t\t\t\t<svg class=\"tf_abs tf_w tf_h\">\n\t\t\t\t<circle class=\"tb_feature_fill\" r=\"calc(50% - 1px)\" cx=\"50%\" cy=\"50%\" stroke-width=\"2\"\/>\n\t\t\t\t<circle class=\"tb_feature_stroke\" r=\"calc(50% - 1px)\" cx=\"50%\" cy=\"50%\" stroke=\"#0073a6\" stroke-width=\"2\" data-progress=\"100\" stroke-dasharray=\"0,10000\"\/>\n\t\t\t\t\t\t\t\t<\/svg>\n\t\t\t\t\t\t\t<span class=\"chart-html5-circle tf_w tf_h\">\n\t\t\t\t\t\t\t\t\t\t\t\t\t\t\t\t\t\t<em class=\"module-feature-icon tf_rel\" style=\"color:#0073a6\"><svg  aria-hidden=\"true\" class=\"tf_fa tf-fab-connectdevelop\"><use href=\"#tf-fab-connectdevelop\"><\/use><\/svg><\/em>\n\t\t\t\t\t\t\t\t\t\t\t\t\t\t\t<\/span>\n\n\t\t\t\t\n\t\t\t<\/span>\n\t\t\t    <\/div>\n    <div class=\"module-feature-content tf_textc\">\n\t\t\t\t\t<h3 class=\"module-feature-title\">\n\t\t\t\t\t\t\tInventory Processing\t\t\t\t\t\t<\/h3>\n\t\t\t\t\t<div class=\"tb_text_wrap\">\n\t\t\t<p>Processing services are provided for various types of forest inventories: establishment, management allocation, pruning, thinning, and pre-harvest. The system also has functions for biomass and aerial carbon estimation.<\/p>\t\t<\/div>\n    <\/div>\n<\/div>\n<!-- \/module feature -->\n<!-- module feature -->\n<div  class=\"module module-feature tb_jufs567 with-chart layout-icon-left size-small\" data-layout-mobile=\"icon-top\" data-layout-desktop=\"icon-left\" data-lazy=\"1\">\n        <div class=\"module-feature-image tf_textc tf_rel\">\n\t\t\t\t\t\t\t<span class=\"module-feature-chart-html5 tf_box tf_rel tf_inline_b\">\n\t\t\t\t\t\t\t<svg class=\"tf_abs tf_w tf_h\">\n\t\t\t\t<circle class=\"tb_feature_fill\" r=\"calc(50% - 1px)\" cx=\"50%\" cy=\"50%\" stroke-width=\"2\"\/>\n\t\t\t\t<circle class=\"tb_feature_stroke\" r=\"calc(50% - 1px)\" cx=\"50%\" cy=\"50%\" stroke=\"#0073a6\" stroke-width=\"2\" data-progress=\"100\" stroke-dasharray=\"0,10000\"\/>\n\t\t\t\t\t\t\t\t<\/svg>\n\t\t\t\t\t\t\t<span class=\"chart-html5-circle tf_w tf_h\">\n\t\t\t\t\t\t\t\t\t\t\t\t\t\t\t\t\t\t<em class=\"module-feature-icon tf_rel\" style=\"color:#0073a6\"><svg  aria-hidden=\"true\" class=\"tf_fa tf-fas-chart-line\"><use href=\"#tf-fas-chart-line\"><\/use><\/svg><\/em>\n\t\t\t\t\t\t\t\t\t\t\t\t\t\t\t<\/span>\n\n\t\t\t\t\n\t\t\t<\/span>\n\t\t\t    <\/div>\n    <div class=\"module-feature-content tf_textc\">\n\t\t\t\t\t<h3 class=\"module-feature-title\">\n\t\t\t\t\t\t\tGrowth and Yield Projection\t\t\t\t\t\t<\/h3>\n\t\t\t\t\t<div class=\"tb_text_wrap\">\n\t\t\t<p>Based on inventory data, short-term (inventory update) or long-term growth and yield projections are made. The effect of pruning and thinning interventions on plantation growth can be simulated, and various logging schemes can be applied to estimate volumes at the product level.<\/p>\t\t<\/div>\n    <\/div>\n<\/div>\n<!-- \/module feature -->\n<!-- module feature -->\n<div  class=\"module module-feature tb_lmb961 with-chart layout-icon-left size-small\" data-layout-mobile=\"icon-top\" data-layout-desktop=\"icon-left\" data-lazy=\"1\">\n        <div class=\"module-feature-image tf_textc tf_rel\">\n\t\t\t\t\t\t\t<span class=\"module-feature-chart-html5 tf_box tf_rel tf_inline_b\">\n\t\t\t\t\t\t\t<svg class=\"tf_abs tf_w tf_h\">\n\t\t\t\t<circle class=\"tb_feature_fill\" r=\"calc(50% - 1px)\" cx=\"50%\" cy=\"50%\" stroke-width=\"2\"\/>\n\t\t\t\t<circle class=\"tb_feature_stroke\" r=\"calc(50% - 1px)\" cx=\"50%\" cy=\"50%\" stroke=\"#0073a6\" stroke-width=\"2\" data-progress=\"100\" stroke-dasharray=\"0,10000\"\/>\n\t\t\t\t\t\t\t\t<\/svg>\n\t\t\t\t\t\t\t<span class=\"chart-html5-circle tf_w tf_h\">\n\t\t\t\t\t\t\t\t\t\t\t\t\t\t\t\t\t\t<em class=\"module-feature-icon tf_rel\" style=\"color:#0073a6\"><svg  aria-hidden=\"true\" class=\"tf_fa tf-far-check-square-o\"><use href=\"#tf-far-check-square-o\"><\/use><\/svg><\/em>\n\t\t\t\t\t\t\t\t\t\t\t\t\t\t\t<\/span>\n\n\t\t\t\t\n\t\t\t<\/span>\n\t\t\t    <\/div>\n    <div class=\"module-feature-content tf_textc\">\n\t\t\t\t\t<h3 class=\"module-feature-title\">\n\t\t\t\t\t\t\tTechnical Assistance\t\t\t\t\t\t<\/h3>\n\t\t\t\t\t<div class=\"tb_text_wrap\">\n\t\t\t<p>National and international technical assistance is provided using the technology developed in growth modeling, evaluation of forest plantations applying sampling techniques, and estimation of carbon sequestration, as well as the design and establishment of silvicultural trials.<\/p>\t\t<\/div>\n    <\/div>\n<\/div>\n<!-- \/module feature -->\n<!-- module text -->\n<div  class=\"module module-text tb_0gaz794  repeat\" data-lazy=\"1\">\n        <div  class=\"tb_text_wrap\">\n    <p>The MNS provides simulation and consultancy services to various groups in the forestry sector, including foreign investment funds, forestry companies, service companies, independent forestry consultants, and auditing companies. In this way, companies and institutions that are not members of the MNS can access the capabilities of growth and yield simulation systems developed.<\/p>    <\/div>\n<\/div>\n<!-- \/module text -->\t        <\/div>\n\t    \t<\/div>\n\t\t    <\/div>\n\t<\/div><!-- \/themify_builder_sub_row -->\n\t\t        <\/div>\n\t    \t<\/div>\n\t\t    <\/div>\n\t    <!-- \/row_inner -->\n\t<\/div>\n\t<!-- \/module_row -->\n\t<\/div>\n<!--\/themify_builder_content-->","protected":false},"excerpt":{"rendered":"<p>Servicios MNS ofrece una serie de productos y servicios para apoyar una correcta toma de decisiones para la evaluaci\u00f3n de plantaciones, definici\u00f3n de reg\u00edmenes de manejo silv\u00edcola y estimaciones de rendimientos esperados a nivel de productos a la edad de cosecha. Licencias Se comercializan licencias para uso temporal considerando un per\u00edodo m\u00ednimo de licenciamiento de [&hellip;]<\/p>\n","protected":false},"author":2,"featured_media":0,"parent":0,"menu_order":0,"comment_status":"closed","ping_status":"closed","template":"","meta":[],"builder_content":"<h1><br\/>Servicios<\/h1>\n<p>MNS ofrece una serie de productos y servicios para apoyar una correcta toma de decisiones para la evaluaci\u00f3n de plantaciones, definici\u00f3n de reg\u00edmenes de manejo silv\u00edcola y estimaciones de rendimientos esperados a nivel de productos a la edad de cosecha.<\/p>\n<svg> <circle r=\"calc(50% - 1px)\" cx=\"50%\" cy=\"50%\" stroke-width=\"2\"\/> <circle r=\"calc(50% - 1px)\" cx=\"50%\" cy=\"50%\" stroke=\"#0073a6\" stroke-width=\"2\" data-progress=\"100\" stroke-dasharray=\"0,10000\"\/> <\/svg> <em style=\"color:#0073a6\"><svg aria-hidden=\"true\"><use href=\"#tf-fas-th-large\"><\/use><\/svg><\/em> \n <h3> Licencias <\/h3> <p>Se comercializan licencias para uso temporal considerando un per\u00edodo m\u00ednimo de licenciamiento de un a\u00f1o. Las herramientas computacionales disponibles para la comercializaci\u00f3n de licencias son: INSIGNE, EUCASIM y Banco de Datos. Para el caso de los simuladores se puede agregar un m\u00f3dulo para el procesamiento integrado de inventarios forestales. El licenciamiento considera el apoyo t\u00e9cnico permanente en las \u00e1reas de biometr\u00eda forestal y sistemas inform\u00e1ticos.<\/p>\n<svg> <circle r=\"calc(50% - 1px)\" cx=\"50%\" cy=\"50%\" stroke-width=\"2\"\/> <circle r=\"calc(50% - 1px)\" cx=\"50%\" cy=\"50%\" stroke=\"#0073a6\" stroke-width=\"2\" data-progress=\"100\" stroke-dasharray=\"0,10000\"\/> <\/svg> <em style=\"color:#0073a6\"><svg aria-hidden=\"true\"><use href=\"#tf-fab-connectdevelop\"><\/use><\/svg><\/em> \n <h3> Procesamiento de Inventarios <\/h3> <p>Se realizan servicios de procesamiento para diversos tipos de inventarios forestales: establecimiento, asignaci\u00f3n de manejo, poda, raleos y precosecha. El sistema cuenta tambi\u00e9n con funciones para la estimaci\u00f3n de biomasa y carbono a\u00e9reo.<\/p>\n<svg> <circle r=\"calc(50% - 1px)\" cx=\"50%\" cy=\"50%\" stroke-width=\"2\"\/> <circle r=\"calc(50% - 1px)\" cx=\"50%\" cy=\"50%\" stroke=\"#0073a6\" stroke-width=\"2\" data-progress=\"100\" stroke-dasharray=\"0,10000\"\/> <\/svg> <em style=\"color:#0073a6\"><svg aria-hidden=\"true\"><use href=\"#tf-fas-chart-line\"><\/use><\/svg><\/em> \n <h3> Proyecci\u00f3n de Crecimiento y Rendimiento <\/h3> <p>A partir de datos de inventarios se realizan proyecciones de crecimiento y rendimiento de corto plazo (actualizaci\u00f3n de inventarios) o largo plazo. Se puede simular el efecto de intervenciones podas y raleos sobre el crecimiento de la plantaci\u00f3n y aplicar diversos esquemas de trozado para realizar estimaciones de vol\u00famenes a nivel de productos.<\/p>\n<svg> <circle r=\"calc(50% - 1px)\" cx=\"50%\" cy=\"50%\" stroke-width=\"2\"\/> <circle r=\"calc(50% - 1px)\" cx=\"50%\" cy=\"50%\" stroke=\"#0073a6\" stroke-width=\"2\" data-progress=\"100\" stroke-dasharray=\"0,10000\"\/> <\/svg> <em style=\"color:#0073a6\"><svg aria-hidden=\"true\"><use href=\"#tf-far-check-square-o\"><\/use><\/svg><\/em> \n <h3> Asistencia T\u00e9cnica <\/h3> <p>Se realiza asistencia t\u00e9cnica nacional e internacional utilizando la tecnolog\u00eda desarrollada en modelaci\u00f3n de crecimiento, evaluaci\u00f3n de plantaciones aplicando t\u00e9cnicas de muestreo, estimaci\u00f3n de captura de carbono y dise\u00f1o y establecimiento de ensayos silv\u00edcolas.<\/p>\n<p>El MNS presta servicios de simulaciones y consultor\u00edas a una gran diversidad de grupos del sector forestal; incluyendo fondos de inversi\u00f3n extranjeros, empresas forestales, empresas de servicios, consultores forestales independientes y empresas auditoras. De esta forma empresas e instituciones que no son miembros del MNS pueden acceder a las capacidades de los sistemas de simulaci\u00f3n de crecimiento y rendimiento desarrollados.<\/p>","_links":{"self":[{"href":"https:\/\/mnssimulacion.cl\/en\/wp-json\/wp\/v2\/pages\/170"}],"collection":[{"href":"https:\/\/mnssimulacion.cl\/en\/wp-json\/wp\/v2\/pages"}],"about":[{"href":"https:\/\/mnssimulacion.cl\/en\/wp-json\/wp\/v2\/types\/page"}],"author":[{"embeddable":true,"href":"https:\/\/mnssimulacion.cl\/en\/wp-json\/wp\/v2\/users\/2"}],"replies":[{"embeddable":true,"href":"https:\/\/mnssimulacion.cl\/en\/wp-json\/wp\/v2\/comments?post=170"}],"version-history":[{"count":12,"href":"https:\/\/mnssimulacion.cl\/en\/wp-json\/wp\/v2\/pages\/170\/revisions"}],"predecessor-version":[{"id":1473,"href":"https:\/\/mnssimulacion.cl\/en\/wp-json\/wp\/v2\/pages\/170\/revisions\/1473"}],"wp:attachment":[{"href":"https:\/\/mnssimulacion.cl\/en\/wp-json\/wp\/v2\/media?parent=170"}],"curies":[{"name":"wp","href":"https:\/\/api.w.org\/{rel}","templated":true}]}}