{"id":162,"date":"2022-07-04T21:49:51","date_gmt":"2022-07-04T21:49:51","guid":{"rendered":"https:\/\/mnssimulacion.cl\/?page_id=162"},"modified":"2024-07-22T16:50:57","modified_gmt":"2024-07-22T16:50:57","slug":"contacto","status":"publish","type":"page","link":"https:\/\/mnssimulacion.cl\/en\/contacto\/","title":{"rendered":"Contact"},"content":{"rendered":"<!--themify_builder_content-->\n<div id=\"themify_builder_content-162\" data-postid=\"162\" class=\"themify_builder_content themify_builder_content-162 themify_builder tf_clear\">\n    \t<!-- module_row -->\n\t<div  data-lazy=\"1\" class=\"module_row themify_builder_row tb_p4d4293 tb_first tf_clearfix\" >\n\t    \t\t<div class=\"row_inner col_align_top col-count-1 tf_box tf_w tf_rel\">\n\t\t\t<div  data-lazy=\"1\" class=\"module_column tb-column col-full first tb_5p0x294 tf_box\">\n\t\t\t    \t        <div class=\"tb-column-inner tf_box tf_w\">\n\t\t    <!-- module image -->\n<div  class=\"module module-image tb_zvtm742   image-top tf_mw\" data-lazy=\"1\">\n        <div class=\"image-wrap tf_rel tf_mw\">\n\t\t    <img loading=\"lazy\" width=\"1366\" height=\"506\" src=\"https:\/\/mnssimulacion.cl\/wp-content\/uploads\/2022\/08\/MNS-Maps.png\" class=\"wp-post-image wp-image-992\" title=\"MNS Maps\" alt=\"Direcci\u00f3n\">\t\n\t\t<\/div>\n\t<!-- \/image-wrap -->\n    \n    \t<\/div>\n<!-- \/module image -->\t<div  data-lazy=\"1\" class=\"module_subrow themify_builder_sub_row repeat tb_9ubn295 tf_w tf_clearfix\">\n\t    \t\t<div class=\"subrow_inner col_align_top col-count-1 tf_box tf_w\">\n\t\t\t<div  data-lazy=\"1\" class=\"sub_column module_column tf_box col-full first tb_mhmz297 repeat\" > \n\t    \t    \t        <div class=\"tb-column-inner tf_box tf_w\">\n\t\t    <!-- module contact -->\n<div  id=\"tb_u6h4714\" class=\"module module-contact tb_u6h4714 contact-style2\" data-lazy=\"1\">\n    \n\t<form action=\"https:\/\/mnssimulacion.cl\/wp-admin\/admin-ajax.php\"\n\t\tclass=\"builder-contact\"\n\t\tid=\"tb_u6h4714-form\"\n\t\tmethod=\"post\"\n\t\tdata-post-id=\"162\"\n\t\tdata-element-id=\"u6h4714\"\n\t\tdata-orig-id=\"162\"\n\t>\n    <div class=\"contact-message\"><\/div>\n\t<div class=\"builder-contact-fields tf_rel\">\n\t\t    \t\t    <div class=\"builder-contact-field builder-contact-field-name builder-contact-text-field\">\n\t\t\t    <label class=\"control-label\" for=\"tb_u6h4714-contact-name\"><span class=\"tb-label-span\">Name and Surname <\/span><span class=\"required\">*<\/span><\/label>\n\t\t\t    <div class=\"control-input tf_rel\">\n\t\t\t\t    \t\t\t\t\t    <input type=\"text\" name=\"contact-name\" placeholder=\"\" id=\"tb_u6h4714-contact-name\" value=\"\" class=\"form-control\" required>\n\t\t\t\t    \t\t\t\t    \t\t\t    <\/div>\n\t\t<\/div>\n\t    \n\t\t    \t\t    <div class=\"builder-contact-field builder-contact-field-email builder-contact-text-field\">\n\t\t\t    <label class=\"control-label\" for=\"tb_u6h4714-contact-email\"><span class=\"tb-label-span\">E-mail <\/span><span class=\"required\">*<\/span><\/label>\n\t\t\t    <div class=\"control-input tf_rel\">\n\t\t\t\t    \t\t\t\t\t    <input type=\"text\" name=\"contact-email\" placeholder=\"\" id=\"tb_u6h4714-contact-email\" value=\"\" class=\"form-control\" required>\n\t\t\t\t    \t\t\t\t    \t\t\t    <\/div>\n\t\t<\/div>\n\t    \n\t\t    \t\t    \t\t    <div class=\"builder-contact-field builder-contact-field-extra builder-contact-text-field builder-contact-tel-field\">\n\t\t\t\t<label class=\"control-label\" for=\"field_extra_tb_u6h4714_0\">\n\t\t\t\t\tTelephone\t\t\t\t\t\t\t\t\t\t\t<input type=\"hidden\" name=\"field_extra_name_0\" value=\"Tel\u00e9fono\">\n\t\t\t\t\t\t\t\t\t<\/label>\n\t\t\t\t<div class=\"control-input tf_rel\">\n\t\t\t\t\t\t\t\t\t\t\t<input type=\"tel\" name=\"field_extra_0\" id=\"field_extra_tb_u6h4714_0\" placeholder=\"\" class=\"form-control\">\n\t\t\t\t\t\n\t\t\t\t\t\t\t\t\t<\/div>\n\t\t    <\/div>\n\t    \n\t\t    \t\t    \t\t    <div class=\"builder-contact-field builder-contact-field-extra builder-contact-text-field\">\n\t\t\t\t<label class=\"control-label\" for=\"field_extra_tb_u6h4714_1\">\n\t\t\t\t\tCompany\/Institution\t\t\t\t\t\t\t\t\t\t\t<input type=\"hidden\" name=\"field_extra_name_1\" value=\"Empresa\/Instituci\u00f3n\">\n\t\t\t\t\t\t\t\t\t<\/label>\n\t\t\t\t<div class=\"control-input tf_rel\">\n\t\t\t\t\t\t\t\t\t\t\t<input type=\"text\" name=\"field_extra_1\" id=\"field_extra_tb_u6h4714_1\" placeholder=\"\" class=\"form-control\">\n\t\t\t\t\t\n\t\t\t\t\t\t\t\t\t<\/div>\n\t\t    <\/div>\n\t    \n\t\t    \t\t    \t\t    <div class=\"builder-contact-field builder-contact-field-extra builder-contact-select-field\">\n\t\t\t\t<label class=\"control-label\" for=\"field_extra_tb_u6h4714_2\">\n\t\t\t\t\tMNS Unit\t\t\t\t\t\t\t\t\t\t\t<input type=\"hidden\" name=\"field_extra_name_2\" value=\"Unidad del MNS\">\n\t\t\t\t\t\t\t\t\t<\/label>\n\t\t\t\t<div class=\"control-input tf_rel\">\n\t\t\t\t\t\t\t\t\t\t\t\t\t\t\t\t\t\t<select id=\"field_extra_tb_u6h4714_2\" name=\"field_extra_2\" class=\"form-control tf_scrollbar\">\n\t\t\t\t\t\t\t\t\t\t\t\t\t\t\t\t\t<option value=\"\"><\/option>\n\t\t\t\t\t\t\t\t\t\t\t\t\t\t\t\t\t\t\t\t\t\t\t\t\t<option value=\"Direcci\u00f3n\"> Direction <\/option>\n\t\t\t\t\t\t\t\t\t\t\t\t\t\t\t\t\t<option value=\"Datos y Ensayos\"> Data and Field Trials <\/option>\n\t\t\t\t\t\t\t\t\t\t\t\t\t\t\t\t\t<option value=\"Biometr\u00eda\"> Forest Biometrics <\/option>\n\t\t\t\t\t\t\t\t\t\t\t\t\t\t\t\t\t<option value=\"Sistemas\"> Computer Systems <\/option>\n\t\t\t\t\t\t\t\t\t\t\t\t\t\t\t\t\t<option value=\"Servicios y Consultor\u00edas\"> Services and Consulting <\/option>\n\t\t\t\t\t\t\t\t\t\t\t\t\t\t\t\t\t<option value=\"Otros\"> Others <\/option>\n\t\t\t\t\t\t\t\t\t\t\t\t\t\t\t<\/select>\n\t\t\t\t\t\t\t\t\t\t\t\n\t\t\t\t\t\t\t\t\t<\/div>\n\t\t    <\/div>\n\t    \n\t\t    \t\t    <div class=\"builder-contact-field builder-contact-field-message builder-contact-textarea-field\">\n\t\t\t    <label class=\"control-label\" for=\"tb_u6h4714-contact-message\"><span class=\"tb-label-span\">Message <\/span><span class=\"required\">*<\/span><\/label>\n\t\t\t    <div class=\"control-input tf_rel\">\n\t\t\t\t    \t\t\t\t\t    <textarea name=\"contact-message\" placeholder=\"\" id=\"tb_u6h4714-contact-message\" class=\"form-control\" required><\/textarea>\n\t\t\t\t    \t\t\t\t    \t\t\t    <\/div>\n\t\t<\/div>\n\t    \n\t\t    \n\t\t\n\t\t\n\t    \t    <div class=\"builder-contact-field builder-contact-field-send control-input tf_textl tf_clear tf_rel\">\n\t\t\t<button type=\"submit\" class=\"btn btn-primary\"><span class=\"tf_loader\"><\/span>Send<\/button>\n\t    <\/div>\n\t<\/div>\n    <\/form>\n\n    <\/div>\n<!-- \/module contact -->\n\t        <\/div>\n\t    \t<\/div>\n\t\t    <\/div>\n\t<\/div><!-- \/themify_builder_sub_row -->\n\t\t        <\/div>\n\t    \t<\/div>\n\t\t    <\/div>\n\t    <!-- \/row_inner -->\n\t<\/div>\n\t<!-- \/module_row -->\n\t<\/div>\n<!--\/themify_builder_content-->","protected":false},"excerpt":{"rendered":"<p>Nombre y Apellido * E-mail * Tel\u00e9fono Empresa\/Instituci\u00f3n Unidad del MNS Direcci\u00f3n Datos y Ensayos Biometr\u00eda Sistemas Servicios y Consultor\u00edas Otros Mensaje * Enviar<\/p>","protected":false},"author":1,"featured_media":0,"parent":0,"menu_order":0,"comment_status":"closed","ping_status":"closed","template":"","meta":[],"builder_content":"<img loading=\"lazy\" width=\"1366\" height=\"506\" src=\"https:\/\/mnssimulacion.cl\/wp-content\/uploads\/2022\/08\/MNS-Maps.png\" title=\"MNS Maps\" alt=\"Direcci\u00f3n\">\n<form action=\"https:\/\/mnssimulacion.cl\/wp-admin\/admin-ajax.php\" class=\"builder-contact\" id=\"tb_u6h4714-form\" method=\"post\" data-post-id=\"0\" data-element-id=\"u6h4714\" data-orig-id=\"162\" > <label for=\"tb_u6h4714-contact-name\">Nombre y Apellido *<\/label> <input type=\"text\" name=\"contact-name\" placeholder=\"\" id=\"tb_u6h4714-contact-name\" value=\"\" required> <label for=\"tb_u6h4714-contact-email\">E-mail *<\/label> <input type=\"text\" name=\"contact-email\" placeholder=\"\" id=\"tb_u6h4714-contact-email\" value=\"\" required> <label for=\"field_extra_tb_u6h4714_0\"> Tel\u00e9fono <input type=\"hidden\" name=\"field_extra_name_0\" value=\"Tel\u00e9fono\"> <\/label> <input type=\"tel\" name=\"field_extra_0\" id=\"field_extra_tb_u6h4714_0\" placeholder=\"\"> <label for=\"field_extra_tb_u6h4714_1\"> Empresa\/Instituci\u00f3n <input type=\"hidden\" name=\"field_extra_name_1\" value=\"Empresa\/Instituci\u00f3n\"> <\/label> <input type=\"text\" name=\"field_extra_1\" id=\"field_extra_tb_u6h4714_1\" placeholder=\"\"> <label for=\"field_extra_tb_u6h4714_2\"> Unidad del MNS <input type=\"hidden\" name=\"field_extra_name_2\" value=\"Unidad del MNS\"> <\/label> <select id=\"field_extra_tb_u6h4714_2\" name=\"field_extra_2\"> <option value=\"\"><\/option> <option value=\"Direcci\u00f3n\"> Direcci\u00f3n <\/option> <option value=\"Datos y Ensayos\"> Datos y Ensayos <\/option> <option value=\"Biometr\u00eda\"> Biometr\u00eda <\/option> <option value=\"Sistemas\"> Sistemas <\/option> <option value=\"Servicios y Consultor\u00edas\"> Servicios y Consultor\u00edas <\/option> <option value=\"Otros\"> Otros <\/option> <\/select> <label for=\"tb_u6h4714-contact-message\">Mensaje *<\/label> <textarea name=\"contact-message\" placeholder=\"\" id=\"tb_u6h4714-contact-message\" required><\/textarea> <button type=\"submit\">Enviar<\/button> <\/form>","_links":{"self":[{"href":"https:\/\/mnssimulacion.cl\/en\/wp-json\/wp\/v2\/pages\/162"}],"collection":[{"href":"https:\/\/mnssimulacion.cl\/en\/wp-json\/wp\/v2\/pages"}],"about":[{"href":"https:\/\/mnssimulacion.cl\/en\/wp-json\/wp\/v2\/types\/page"}],"author":[{"embeddable":true,"href":"https:\/\/mnssimulacion.cl\/en\/wp-json\/wp\/v2\/users\/1"}],"replies":[{"embeddable":true,"href":"https:\/\/mnssimulacion.cl\/en\/wp-json\/wp\/v2\/comments?post=162"}],"version-history":[{"count":25,"href":"https:\/\/mnssimulacion.cl\/en\/wp-json\/wp\/v2\/pages\/162\/revisions"}],"predecessor-version":[{"id":2336,"href":"https:\/\/mnssimulacion.cl\/en\/wp-json\/wp\/v2\/pages\/162\/revisions\/2336"}],"wp:attachment":[{"href":"https:\/\/mnssimulacion.cl\/en\/wp-json\/wp\/v2\/media?parent=162"}],"curies":[{"name":"wp","href":"https:\/\/api.w.org\/{rel}","templated":true}]}}