{"id":155,"date":"2022-07-04T21:49:02","date_gmt":"2022-07-04T21:49:02","guid":{"rendered":"https:\/\/mnssimulacion.cl\/?page_id=155"},"modified":"2024-07-22T16:50:57","modified_gmt":"2024-07-22T16:50:57","slug":"membresias","status":"publish","type":"page","link":"https:\/\/mnssimulacion.cl\/en\/membresias\/","title":{"rendered":"Membership"},"content":{"rendered":"<!--themify_builder_content-->\n<div id=\"themify_builder_content-155\" data-postid=\"155\" class=\"themify_builder_content themify_builder_content-155 themify_builder tf_clear\">\n    \t<!-- module_row -->\n\t<div  data-lazy=\"1\" class=\"module_row themify_builder_row repeat tb_izcl933 tb_first tf_clearfix\" >\n\t    \t\t<div class=\"row_inner col_align_top col-count-1 tf_box tf_w tf_rel\">\n\t\t\t<div  data-lazy=\"1\" class=\"module_column tb-column col-full first tb_mgrr933 repeat tf_box\">\n\t\t\t    \t        <div class=\"tb-column-inner tf_box tf_w\">\n\t\t    <!-- module fancy heading -->\n<div  class=\"module module-fancy-heading tb_8w0d879  inline-fancy-heading\" data-lazy=\"1\">\n        <h1 class=\"fancy-heading tf_textl\">\n    <span class=\"main-head tf_inline_b\">\n\t\t\t\t\t\t\t    <\/span>\n\n\t\t\t<span class=\"tb_fancy_heading_icon_wrap tf_inline_b\">\n\t\t\t<span class=\"tb_fancy_heading_border\"><\/span>\t\t\t<span class=\"tb_fancy_heading_icon\">\n\t\t\t\t\t\t\t\t\t<em style=\"color: #0073a6\"><svg  aria-hidden=\"true\" class=\"tf_fa tf-fas-id-card-alt\"><use href=\"#tf-fas-id-card-alt\"><\/use><\/svg><\/em>\n\t\t\t\t\t\t\t<\/span>\n\t\t\t<span class=\"tb_fancy_heading_border\"><\/span>\t\t<\/span>\n\t\n    <span class=\"sub-head tf_inline_b tf_rel\">\n\t\t\t\t\tMembership\t\t    <\/span>\n    <\/h1>\n<\/div>\n<!-- \/module fancy heading -->\n<!-- module text -->\n<div  class=\"module module-text tb_es9t69\" data-lazy=\"1\">\n        <div  class=\"tb_text_wrap\">\n    <p>Two membership modalities have been established for forestry companies interested in becoming part of the MNS which is determined by the area of plantations owned by each company. The companies commit to establish and to maintain a network of trials and permanent plots that support the construction of growth simulation models. The membership commitment is for a minimum period of 3 years.<\/p>    <\/div>\n<\/div>\n<!-- \/module text -->\t<div  data-lazy=\"1\" class=\"module_subrow themify_builder_sub_row repeat tb_22oe381 tf_w tf_clearfix\">\n\t    \t\t<div class=\"subrow_inner col_align_top gutter-narrow col-count-2 tf_box tf_w\">\n\t\t\t<div  data-lazy=\"1\" class=\"sub_column module_column tf_box col4-2 first tb_ydys382\"> \n\t    \t    \t        <div class=\"tb-column-inner tf_box tf_w\">\n\t\t    <!-- module fancy heading -->\n<div  class=\"module module-fancy-heading tb_dhha6  inline-fancy-heading\" data-lazy=\"1\">\n        <h2 class=\"fancy-heading\">\n    <span class=\"main-head tf_inline_b\">\n\t\t\t\t\t\t\t    <\/span>\n\n\t\t\t<span class=\"tb_fancy_heading_icon_wrap tf_inline_b\">\n\t\t\t<span class=\"tb_fancy_heading_border\"><\/span>\t\t\t<span class=\"tb_fancy_heading_icon\">\n\t\t\t\t\t\t\t\t\t<em style=\"color: #0073a6\"><svg  aria-hidden=\"true\" class=\"tf_fa tf-fas-user-tie\"><use href=\"#tf-fas-user-tie\"><\/use><\/svg><\/em>\n\t\t\t\t\t\t\t<\/span>\n\t\t\t<span class=\"tb_fancy_heading_border\"><\/span>\t\t<\/span>\n\t\n    <span class=\"sub-head tf_inline_b tf_rel\">\n\t\t\t\t\tFull Member\t\t    <\/span>\n    <\/h2>\n<\/div>\n<!-- \/module fancy heading -->\n<!-- module text -->\n<div  class=\"module module-text tb_pc0229\" data-lazy=\"1\">\n        <div  class=\"tb_text_wrap\">\n    <p>For forestry companies with more than 20,000 hectares of assets, an annual fixed cost of 375 UF and an annual variable cost of 0.005 UF per hectare are considered. Additionally, the companies contribute resources to maintain the network of trials and permanent plots. At the end of each year, the total cost of the measurements is determined, and each company's contribution is calculated.<\/p>    <\/div>\n<\/div>\n<!-- \/module text --><!-- module fancy heading -->\n<div  class=\"module module-fancy-heading tb_k6i3172  inline-fancy-heading\" data-lazy=\"1\">\n        <h2 class=\"fancy-heading\">\n    <span class=\"main-head tf_inline_b\">\n\t\t\t\t\t\t\t    <\/span>\n\n\t\t\t<span class=\"tb_fancy_heading_icon_wrap tf_inline_b\">\n\t\t\t<span class=\"tb_fancy_heading_border\"><\/span>\t\t\t<span class=\"tb_fancy_heading_icon\">\n\t\t\t\t\t\t\t\t\t<em style=\"color: #0073a6\"><svg  aria-hidden=\"true\" class=\"tf_fa tf-fas-handshake\"><use href=\"#tf-fas-handshake\"><\/use><\/svg><\/em>\n\t\t\t\t\t\t\t<\/span>\n\t\t\t<span class=\"tb_fancy_heading_border\"><\/span>\t\t<\/span>\n\t\n    <span class=\"sub-head tf_inline_b tf_rel\">\n\t\t\t\t\tAssociate Member\t\t    <\/span>\n    <\/h2>\n<\/div>\n<!-- \/module fancy heading -->\n<!-- module text -->\n<div  class=\"module module-text tb_1nnb793\" data-lazy=\"1\">\n        <div  class=\"tb_text_wrap\">\n    <p>For forestry companies with less than or equal to 20,000 hectares, an annual fixed cost of 180 UF and an annual variable cost of 0.005 UF per hectare are considered. Unlike full members, only a contribution of data corresponding to the installation or remeasurement of silvicultural trials and\/or permanent plots will be requested. The amount of this contribution must be approved by the Board of Directors.<\/p>    <\/div>\n<\/div>\n<!-- \/module text -->\t        <\/div>\n\t    \t<\/div>\n\t\t<div  data-lazy=\"1\" class=\"sub_column module_column tf_box col4-2 last tb_csem659 fullcover\" > \n\t    \t    \t        <div class=\"tb-column-inner tf_box tf_w\">\n\t\t    <!-- module image -->\n<div  class=\"module module-image tb_0y0o976   image-center tf_mw\" data-lazy=\"1\">\n        <div class=\"image-wrap tf_rel tf_mw\">\n\t\t    <img loading=\"lazy\" width=\"2560\" height=\"1920\" src=\"https:\/\/mnssimulacion.cl\/wp-content\/uploads\/2023\/01\/cmpc_DJI_0539-scaled.jpg\" class=\"wp-post-image wp-image-1587\" title=\"DCIM100MEDIADJI_0539.JPG\" alt=\"DCIM100MEDIADJI_0539.JPG\" srcset=\"https:\/\/mnssimulacion.cl\/wp-content\/uploads\/2023\/01\/cmpc_DJI_0539-scaled.jpg 2560w, https:\/\/mnssimulacion.cl\/wp-content\/uploads\/2023\/01\/cmpc_DJI_0539-300x225.jpg 300w, https:\/\/mnssimulacion.cl\/wp-content\/uploads\/2023\/01\/cmpc_DJI_0539-1024x768.jpg 1024w, https:\/\/mnssimulacion.cl\/wp-content\/uploads\/2023\/01\/cmpc_DJI_0539-768x576.jpg 768w, https:\/\/mnssimulacion.cl\/wp-content\/uploads\/2023\/01\/cmpc_DJI_0539-1536x1152.jpg 1536w, https:\/\/mnssimulacion.cl\/wp-content\/uploads\/2023\/01\/cmpc_DJI_0539-2048x1536.jpg 2048w, https:\/\/mnssimulacion.cl\/wp-content\/uploads\/2023\/01\/cmpc_DJI_0539-16x12.jpg 16w\" sizes=\"(max-width: 2560px) 100vw, 2560px\" \/>\t\n\t\t<\/div>\n\t<!-- \/image-wrap -->\n    \n    \t<\/div>\n<!-- \/module image -->\t        <\/div>\n\t    \t<\/div>\n\t\t    <\/div>\n\t<\/div><!-- \/themify_builder_sub_row -->\n\t\t        <\/div>\n\t    \t<\/div>\n\t\t    <\/div>\n\t    <!-- \/row_inner -->\n\t<\/div>\n\t<!-- \/module_row -->\n\t<\/div>\n<!--\/themify_builder_content-->","protected":false},"excerpt":{"rendered":"<p>Membres\u00edas Para empresas forestales interesadas en formar parte del MNS se han establecido dos modalidades de membres\u00edas que est\u00e1n determinadas por la superficie de plantaciones de cada empresa. Las empresas se comprometen al establecimiento y mantenci\u00f3n de una red de ensayos y parcelas permanentes que sustentan la construcci\u00f3n de modelos de simulaci\u00f3n de crecimiento. El [&hellip;]<\/p>","protected":false},"author":1,"featured_media":0,"parent":0,"menu_order":0,"comment_status":"closed","ping_status":"closed","template":"","meta":[],"builder_content":"<h1><br\/>Membres\u00edas<\/h1>\n<p>Para empresas forestales interesadas en formar parte del MNS se han establecido dos modalidades de membres\u00edas que est\u00e1n determinadas por la superficie de plantaciones de cada empresa. Las empresas se comprometen al establecimiento y mantenci\u00f3n de una red de ensayos y parcelas permanentes que sustentan la construcci\u00f3n de modelos de simulaci\u00f3n de crecimiento. El compromiso de membres\u00eda es por un per\u00edodo m\u00ednimo de 3 a\u00f1os.<\/p>\n<h2><br\/>Miembro Titular<\/h2>\n<p>Para empresas forestales que tengan un patrimonio mayor a 20.000 hect\u00e1reas se considera un costo fijo anual de 375 UF y un costo variable anual de 0.005 UF por hect\u00e1rea. Adicionalmente, las empresas se comprometen a aportar con recursos para la mantenci\u00f3n de la red de ensayos y parcelas permanentes. Al final de cada a\u00f1o se determina el costo total de las mediciones y se calcula el aporte de cada empresa.<\/p>\n<h2><br\/>Miembro Asociado<\/h2>\n<p>Para empresas forestales que tengan un patrimonio menor o igual a 20.000 hect\u00e1reas se considera un costo fijo anual de 180 UF y un costo variable anual de 0.005 UF por hect\u00e1rea. A diferencia de los Miembros Titulares se solicitar\u00e1 s\u00f3lo un aporte de datos correspondientes a la instalaci\u00f3n o remedici\u00f3n de una cantidad de ensayos o parcelas permanentes. La cantidad de este aporte debe ser aprobado por el Directorio.<\/p>\n<img loading=\"lazy\" width=\"2560\" height=\"1920\" src=\"https:\/\/mnssimulacion.cl\/wp-content\/uploads\/2023\/01\/cmpc_DJI_0539-scaled.jpg\" title=\"DCIM100MEDIADJI_0539.JPG\" alt=\"DCIM100MEDIADJI_0539.JPG\" srcset=\"https:\/\/mnssimulacion.cl\/wp-content\/uploads\/2023\/01\/cmpc_DJI_0539-scaled.jpg 2560w, https:\/\/mnssimulacion.cl\/wp-content\/uploads\/2023\/01\/cmpc_DJI_0539-300x225.jpg 300w, https:\/\/mnssimulacion.cl\/wp-content\/uploads\/2023\/01\/cmpc_DJI_0539-1024x768.jpg 1024w, https:\/\/mnssimulacion.cl\/wp-content\/uploads\/2023\/01\/cmpc_DJI_0539-768x576.jpg 768w, https:\/\/mnssimulacion.cl\/wp-content\/uploads\/2023\/01\/cmpc_DJI_0539-1536x1152.jpg 1536w, https:\/\/mnssimulacion.cl\/wp-content\/uploads\/2023\/01\/cmpc_DJI_0539-2048x1536.jpg 2048w, https:\/\/mnssimulacion.cl\/wp-content\/uploads\/2023\/01\/cmpc_DJI_0539-16x12.jpg 16w\" sizes=\"(max-width: 2560px) 100vw, 2560px\" \/>","_links":{"self":[{"href":"https:\/\/mnssimulacion.cl\/en\/wp-json\/wp\/v2\/pages\/155"}],"collection":[{"href":"https:\/\/mnssimulacion.cl\/en\/wp-json\/wp\/v2\/pages"}],"about":[{"href":"https:\/\/mnssimulacion.cl\/en\/wp-json\/wp\/v2\/types\/page"}],"author":[{"embeddable":true,"href":"https:\/\/mnssimulacion.cl\/en\/wp-json\/wp\/v2\/users\/1"}],"replies":[{"embeddable":true,"href":"https:\/\/mnssimulacion.cl\/en\/wp-json\/wp\/v2\/comments?post=155"}],"version-history":[{"count":41,"href":"https:\/\/mnssimulacion.cl\/en\/wp-json\/wp\/v2\/pages\/155\/revisions"}],"predecessor-version":[{"id":2339,"href":"https:\/\/mnssimulacion.cl\/en\/wp-json\/wp\/v2\/pages\/155\/revisions\/2339"}],"wp:attachment":[{"href":"https:\/\/mnssimulacion.cl\/en\/wp-json\/wp\/v2\/media?parent=155"}],"curies":[{"name":"wp","href":"https:\/\/api.w.org\/{rel}","templated":true}]}}