{"id":1120,"date":"2022-08-25T21:19:22","date_gmt":"2022-08-25T21:19:22","guid":{"rendered":"https:\/\/mnssimulacion.cl\/?page_id=1120"},"modified":"2024-07-22T16:50:57","modified_gmt":"2024-07-22T16:50:57","slug":"anuncios","status":"publish","type":"page","link":"https:\/\/mnssimulacion.cl\/en\/anuncios\/","title":{"rendered":"Announcement"},"content":{"rendered":"<!--themify_builder_content-->\n<div id=\"themify_builder_content-1120\" data-postid=\"1120\" class=\"themify_builder_content themify_builder_content-1120 themify_builder tf_clear\">\n    \t<!-- module_row -->\n\t<div  data-lazy=\"1\" class=\"module_row themify_builder_row tb_zit9338 tb_first tf_clearfix\">\n\t    \t\t<div class=\"row_inner col_align_top col-count-1 tf_box tf_w tf_rel\">\n\t\t\t<div  data-lazy=\"1\" class=\"module_column tb-column col-full first tb_2fdk339 tf_box\">\n\t\t\t    \t        <div class=\"tb-column-inner tf_box tf_w\">\n\t\t    <!-- module fancy heading -->\n<div  class=\"module module-fancy-heading tb_vw64138  tb_hide_divider\" data-lazy=\"1\">\n        <h2 class=\"fancy-heading\">\n    <span class=\"main-head tf_block\">\n\t\t\t\t\tAnnouncement\t\t    <\/span>\n\n\t\n    <span class=\"sub-head tf_block tf_rel\">\n\t\t\t\t\t\t\t    <\/span>\n    <\/h2>\n<\/div>\n<!-- \/module fancy heading -->\n\t        <\/div>\n\t    \t<\/div>\n\t\t    <\/div>\n\t    <!-- \/row_inner -->\n\t<\/div>\n\t<!-- \/module_row -->\n\t\t<!-- module_row -->\n\t<div  data-lazy=\"1\" class=\"module_row themify_builder_row repeat tb_aj4m768 tf_clearfix\" >\n\t    \t\t<div class=\"row_inner col_align_middle gutter-none col-count-2 tf_box tf_w tf_rel\">\n\t\t\t<div  data-lazy=\"1\" class=\"module_column tb-column col4-1 first tb_bgta770 tf_box\">\n\t\t\t    \t        <div class=\"tb-column-inner tf_box tf_w\">\n\t\t    <!-- module image -->\n<div  class=\"module module-image tb_h4xq936   image-center tf_mw\" data-lazy=\"1\">\n        <div class=\"image-wrap tf_rel tf_mw\">\n\t\t    <img loading=\"lazy\" width=\"382\" height=\"258\" src=\"https:\/\/mnssimulacion.cl\/wp-content\/uploads\/2023\/06\/IX_congreso_chilen_ciencias_forestales.png\" class=\"wp-post-image wp-image-1738\" title=\"IX_congreso_chilen_ciencias_forestales\" alt=\"IX_congreso_chilen_ciencias_forestales\" srcset=\"https:\/\/mnssimulacion.cl\/wp-content\/uploads\/2023\/06\/IX_congreso_chilen_ciencias_forestales.png 382w, https:\/\/mnssimulacion.cl\/wp-content\/uploads\/2023\/06\/IX_congreso_chilen_ciencias_forestales-300x203.png 300w, https:\/\/mnssimulacion.cl\/wp-content\/uploads\/2023\/06\/IX_congreso_chilen_ciencias_forestales-18x12.png 18w\" sizes=\"(max-width: 382px) 100vw, 382px\" \/>\t\n\t\t<\/div>\n\t<!-- \/image-wrap -->\n    \n    \t<\/div>\n<!-- \/module image -->\t        <\/div>\n\t    \t<\/div>\n\t\t<div  data-lazy=\"1\" class=\"module_column tb-column col4-3 last tb_g6di890 tf_box\">\n\t\t\t    \t        <div class=\"tb-column-inner tf_box tf_w\">\n\t\t    <!-- module fancy heading -->\n<div  class=\"module module-fancy-heading tb_ej5b374  tb_hide_divider\" data-lazy=\"1\">\n        <h3 class=\"fancy-heading\">\n    <span class=\"main-head tf_block\">\n\t\t\t\t\tIX Chilean Congress of Forest Sciences\t\t    <\/span>\n\n\t\n    <span class=\"sub-head tf_block tf_rel\">\n\t\t\t\t\t\t\t    <\/span>\n    <\/h3>\n<\/div>\n<!-- \/module fancy heading -->\n<!-- module text -->\n<div  class=\"module module-text tb_wzak389  repeat\" data-lazy=\"1\">\n        <div  class=\"tb_text_wrap\">\n    <p class=\"x_MsoNormal\"><span class=\"x_ContentPasted0\">On October 2024 will be held the IX Chilean Congress of Forest Sciences in Valdivia. This congress is being organized by the Faculty of Forest Science and Natural Resources at the Universidad Austral de Chile.\u00a0<\/span><\/p>\n<p><a href=\"https:\/\/www.ixcongresoforestal.cl\/\">Go to the Congress website<\/a><a id=\"LPlnk735156\" class=\"x_ContentPasted0\" href=\"https:\/\/www.ixcongresoforestal.cl\/\" target=\"_blank\" rel=\"noopener noreferrer\" data-auth=\"NotApplicable\" data-linkindex=\"0\"><\/a><\/p>    <\/div>\n<\/div>\n<!-- \/module text -->\t        <\/div>\n\t    \t<\/div>\n\t\t    <\/div>\n\t    <!-- \/row_inner -->\n\t<\/div>\n\t<!-- \/module_row -->\n\t\t<!-- module_row -->\n\t<div  data-lazy=\"1\" class=\"module_row themify_builder_row repeat tb_5l99307 tf_clearfix\" >\n\t    \t\t<div class=\"row_inner col_align_middle gutter-none col-count-2 tf_box tf_w tf_rel\">\n\t\t\t<div  data-lazy=\"1\" class=\"module_column tb-column col4-1 first tb_egoa308 tf_box\">\n\t\t\t    \t        <div class=\"tb-column-inner tf_box tf_w\">\n\t\t    <!-- module image -->\n<div  class=\"module module-image tb_3d2a308   image-center tf_mw\" data-lazy=\"1\">\n        <div class=\"image-wrap tf_rel tf_mw\">\n\t\t    <img loading=\"lazy\" width=\"411\" height=\"309\" src=\"https:\/\/mnssimulacion.cl\/wp-content\/uploads\/2022\/10\/thumbnail_image.png\" class=\"wp-post-image wp-image-1491\" title=\"thumbnail_image\" alt=\"thumbnail_image\" srcset=\"https:\/\/mnssimulacion.cl\/wp-content\/uploads\/2022\/10\/thumbnail_image.png 411w, https:\/\/mnssimulacion.cl\/wp-content\/uploads\/2022\/10\/thumbnail_image-300x226.png 300w, https:\/\/mnssimulacion.cl\/wp-content\/uploads\/2022\/10\/thumbnail_image-16x12.png 16w\" sizes=\"(max-width: 411px) 100vw, 411px\" \/>\t\n\t\t<\/div>\n\t<!-- \/image-wrap -->\n    \n    \t<\/div>\n<!-- \/module image -->\t        <\/div>\n\t    \t<\/div>\n\t\t<div  data-lazy=\"1\" class=\"module_column tb-column col4-3 last tb_izxn308 tf_box\">\n\t\t\t    \t        <div class=\"tb-column-inner tf_box tf_w\">\n\t\t    <!-- module fancy heading -->\n<div  class=\"module module-fancy-heading tb_wu16308  tb_hide_divider\" data-lazy=\"1\">\n        <h3 class=\"fancy-heading\">\n    <span class=\"main-head tf_block\">\n\t\t\t\t\tBeca Magister 2023\t\t    <\/span>\n\n\t\n    <span class=\"sub-head tf_block tf_rel\">\n\t\t\t\t\t\t\t    <\/span>\n    <\/h3>\n<\/div>\n<!-- \/module fancy heading -->\n<!-- module text -->\n<div  class=\"module module-text tb_650r309  repeat\" data-lazy=\"1\">\n        <div  class=\"tb_text_wrap\">\n    <p>El centro Modelo Nacional de Simulaci\u00f3n (MNS) en colaboraci\u00f3n con la Facultad de Ciencias Forestales de la Universidad Austral de Chile ofrece para el a\u00f1o 2023 una Beca de estudios a nivel de Magister en el \u00e1rea de Biometr\u00eda Forestal. Para mayor informaci\u00f3n del proceso de postulaci\u00f3n al programa y beneficios visitar:\u00a0<a id=\"LPlnk469020\" class=\"x_ContentPasted0\" href=\"https:\/\/www.forestal.uach.cl\/instituto\/bosques-sociedad\/mns\/\" target=\"_blank\" rel=\"noopener noreferrer\" data-auth=\"NotApplicable\" data-linkindex=\"0\">https:\/\/www.forestal.uach.cl\/instituto\/bosques-sociedad\/mns\/<\/a><\/p>    <\/div>\n<\/div>\n<!-- \/module text -->\t        <\/div>\n\t    \t<\/div>\n\t\t    <\/div>\n\t    <!-- \/row_inner -->\n\t<\/div>\n\t<!-- \/module_row -->\n\t\t<!-- module_row -->\n\t<div  data-lazy=\"1\" class=\"module_row themify_builder_row repeat tb_w7k7662 tf_clearfix\" >\n\t    \t\t<div class=\"row_inner col_align_middle gutter-none col-count-2 tf_box tf_w tf_rel\">\n\t\t\t<div  data-lazy=\"1\" class=\"module_column tb-column col4-1 first tb_ltd4662 tf_box\">\n\t\t\t    \t        <div class=\"tb-column-inner tf_box tf_w\">\n\t\t    <!-- module image -->\n<div  class=\"module module-image tb_m5ht662   image-center tf_mw\" data-lazy=\"1\">\n        <div class=\"image-wrap tf_rel tf_mw\">\n\t\t    <img loading=\"lazy\" width=\"225\" height=\"225\" src=\"https:\/\/mnssimulacion.cl\/wp-content\/uploads\/2022\/07\/download.jpg\" class=\"wp-post-image wp-image-474\" title=\"download\" alt=\"download\">\t\n\t\t<\/div>\n\t<!-- \/image-wrap -->\n    \n    \t<\/div>\n<!-- \/module image -->\t        <\/div>\n\t    \t<\/div>\n\t\t<div  data-lazy=\"1\" class=\"module_column tb-column col4-3 last tb_9yfg662 tf_box\">\n\t\t\t    \t        <div class=\"tb-column-inner tf_box tf_w\">\n\t\t    <!-- module fancy heading -->\n<div  class=\"module module-fancy-heading tb_kbbu662  tb_hide_divider\" data-lazy=\"1\">\n        <h3 class=\"fancy-heading\">\n    <span class=\"main-head tf_block\">\n\t\t\t\t\tVIII Congreso Chileno de Ciencias Forestales\t\t    <\/span>\n\n\t\n    <span class=\"sub-head tf_block tf_rel\">\n\t\t\t\t\t\t\t    <\/span>\n    <\/h3>\n<\/div>\n<!-- \/module fancy heading -->\n<!-- module text -->\n<div  class=\"module module-text tb_c9ig662  repeat\" data-lazy=\"1\">\n        <div  class=\"tb_text_wrap\">\n    <div class=\"x_elementToProof\">\n<p class=\"x_MsoNormal\"><span class=\"x_ContentPasted0\">Entre el 8 al 10 de noviembre de 2022 se realizar\u00e1 el VIII Congreso Chileno de Ciencias Forestales el cual es organizado por la Facultad de Ciencias Forestales y de la Conservaci\u00f3n de la Naturaleza de la Universidad de Chile. Este evento reunir\u00e1 a cient\u00edficos nacionales y extranjeros, en torno a la gama de disciplinas vinculadas a las ciencias forestales.<\/span><\/p>\n<\/div>    <\/div>\n<\/div>\n<!-- \/module text -->\t        <\/div>\n\t    \t<\/div>\n\t\t    <\/div>\n\t    <!-- \/row_inner -->\n\t<\/div>\n\t<!-- \/module_row -->\n\t<\/div>\n<!--\/themify_builder_content-->","protected":false},"excerpt":{"rendered":"<p>Anuncios IX Congreso Chileno de Ciencias Forestales Durante el mes de Octubre 2024 se realizar\u00e1 el IX Congreso Chileno de Ciencias Forestales en la ciudad de Valdivia. Este congreso ser\u00e1 organizado por la Facultad de Ciencias Forestales y Recursos Naturales de la Universidad Austral de Chile.\u00a0 Ir al sitio web del Congreso Beca Magister 2023 [&hellip;]<\/p>","protected":false},"author":1,"featured_media":0,"parent":0,"menu_order":0,"comment_status":"closed","ping_status":"closed","template":"","meta":[],"builder_content":"<h2>Anuncios<br\/><\/h2>\n<img loading=\"lazy\" width=\"382\" height=\"258\" src=\"https:\/\/mnssimulacion.cl\/wp-content\/uploads\/2023\/06\/IX_congreso_chilen_ciencias_forestales.png\" title=\"IX_congreso_chilen_ciencias_forestales\" alt=\"IX_congreso_chilen_ciencias_forestales\" srcset=\"https:\/\/mnssimulacion.cl\/wp-content\/uploads\/2023\/06\/IX_congreso_chilen_ciencias_forestales.png 382w, https:\/\/mnssimulacion.cl\/wp-content\/uploads\/2023\/06\/IX_congreso_chilen_ciencias_forestales-300x203.png 300w, https:\/\/mnssimulacion.cl\/wp-content\/uploads\/2023\/06\/IX_congreso_chilen_ciencias_forestales-18x12.png 18w\" sizes=\"(max-width: 382px) 100vw, 382px\" \/>\n<h3>IX Congreso Chileno de Ciencias Forestales<br\/><\/h3>\n<p>Durante el mes de Octubre 2024 se realizar\u00e1 el IX Congreso Chileno de Ciencias Forestales en la ciudad de Valdivia. Este congreso ser\u00e1 organizado por la Facultad de Ciencias Forestales y Recursos Naturales de la Universidad Austral de Chile.\u00a0<\/p> <p><a href=\"https:\/\/www.ixcongresoforestal.cl\/\">Ir al sitio web del Congreso<\/a><a id=\"LPlnk735156\" href=\"https:\/\/www.ixcongresoforestal.cl\/\" target=\"_blank\" rel=\"noopener noreferrer\" data-auth=\"NotApplicable\" data-linkindex=\"0\"><\/a><\/p>\n<img loading=\"lazy\" width=\"411\" height=\"309\" src=\"https:\/\/mnssimulacion.cl\/wp-content\/uploads\/2022\/10\/thumbnail_image.png\" title=\"thumbnail_image\" alt=\"thumbnail_image\" srcset=\"https:\/\/mnssimulacion.cl\/wp-content\/uploads\/2022\/10\/thumbnail_image.png 411w, https:\/\/mnssimulacion.cl\/wp-content\/uploads\/2022\/10\/thumbnail_image-300x226.png 300w, https:\/\/mnssimulacion.cl\/wp-content\/uploads\/2022\/10\/thumbnail_image-16x12.png 16w\" sizes=\"(max-width: 411px) 100vw, 411px\" \/>\n<h3>Beca Magister 2023<br\/><\/h3>\n<p>El centro Modelo Nacional de Simulaci\u00f3n (MNS) en colaboraci\u00f3n con la Facultad de Ciencias Forestales de la Universidad Austral de Chile ofrece para el a\u00f1o 2023 una Beca de estudios a nivel de Magister en el \u00e1rea de Biometr\u00eda Forestal. Para mayor informaci\u00f3n del proceso de postulaci\u00f3n al programa y beneficios visitar:\u00a0<a id=\"LPlnk469020\" href=\"https:\/\/www.forestal.uach.cl\/instituto\/bosques-sociedad\/mns\/\" target=\"_blank\" rel=\"noopener noreferrer\" data-auth=\"NotApplicable\" data-linkindex=\"0\">https:\/\/www.forestal.uach.cl\/instituto\/bosques-sociedad\/mns\/<\/a><\/p>\n<img loading=\"lazy\" width=\"225\" height=\"225\" src=\"https:\/\/mnssimulacion.cl\/wp-content\/uploads\/2022\/07\/download.jpg\" title=\"download\" alt=\"download\">\n<h3>VIII Congreso Chileno de Ciencias Forestales<br\/><\/h3>\n<p>Entre el 8 al 10 de noviembre de 2022 se realizar\u00e1 el VIII Congreso Chileno de Ciencias Forestales el cual es organizado por la Facultad de Ciencias Forestales y de la Conservaci\u00f3n de la Naturaleza de la Universidad de Chile. Este evento reunir\u00e1 a cient\u00edficos nacionales y extranjeros, en torno a la gama de disciplinas vinculadas a las ciencias forestales.<\/p>","_links":{"self":[{"href":"https:\/\/mnssimulacion.cl\/en\/wp-json\/wp\/v2\/pages\/1120"}],"collection":[{"href":"https:\/\/mnssimulacion.cl\/en\/wp-json\/wp\/v2\/pages"}],"about":[{"href":"https:\/\/mnssimulacion.cl\/en\/wp-json\/wp\/v2\/types\/page"}],"author":[{"embeddable":true,"href":"https:\/\/mnssimulacion.cl\/en\/wp-json\/wp\/v2\/users\/1"}],"replies":[{"embeddable":true,"href":"https:\/\/mnssimulacion.cl\/en\/wp-json\/wp\/v2\/comments?post=1120"}],"version-history":[{"count":19,"href":"https:\/\/mnssimulacion.cl\/en\/wp-json\/wp\/v2\/pages\/1120\/revisions"}],"predecessor-version":[{"id":2335,"href":"https:\/\/mnssimulacion.cl\/en\/wp-json\/wp\/v2\/pages\/1120\/revisions\/2335"}],"wp:attachment":[{"href":"https:\/\/mnssimulacion.cl\/en\/wp-json\/wp\/v2\/media?parent=1120"}],"curies":[{"name":"wp","href":"https:\/\/api.w.org\/{rel}","templated":true}]}}